{"id":1952,"date":"2024-08-30T11:43:49","date_gmt":"2024-08-30T09:43:49","guid":{"rendered":"https:\/\/konyvtar-kvik.uni-bge.hu\/?page_id=1952"},"modified":"2024-08-30T11:43:50","modified_gmt":"2024-08-30T09:43:50","slug":"egyuttmukodo-partnereink","status":"publish","type":"page","link":"http:\/\/konyvtar-kvik.uni-bge.hu\/en\/egyuttmukodo-partnereink\/","title":{"rendered":"Egy\u00fcttm\u0171k\u00f6d\u0151 partnereink"},"content":{"rendered":"<ul class=\"wp-block-list\">\n<li><a href=\"https:\/\/bg-bp.edu.hu\/\" data-type=\"URL\" data-id=\"https:\/\/bg-bp.edu.hu\/\" target=\"_blank\" rel=\"noreferrer noopener\">B\u00e1rczi Guszt\u00e1v \u00d3voda, \u00c1ltal\u00e1nos Iskola \u00e9s K\u00e9szs\u00e9gfejleszt\u0151 Speci\u00e1lis Szakiskola<\/a><\/li>\n\n\n\n<li><a rel=\"noreferrer noopener\" href=\"http:\/\/www.uni-corvinus.hu\/index.php?id=42268\" target=\"_blank\">BCE Turizmus Kompetencia K\u00f6zpont<\/a><\/li>\n\n\n\n<li><a href=\"https:\/\/mtu.gov.hu\/\" data-type=\"URL\" data-id=\"https:\/\/mtu.gov.hu\/\" target=\"_blank\" rel=\"noreferrer noopener\">Magyar Turisztikai \u00dcgyn\u00f6ks\u00e9g<\/a><\/li>\n<\/ul>\n\n\n\n<p><\/p>","protected":false},"excerpt":{"rendered":"<p>B\u00e1rczi Guszt\u00e1v \u00d3voda, \u00c1ltal\u00e1nos Iskola \u00e9s K\u00e9szs\u00e9gfejleszt\u0151 Speci\u00e1lis Szakiskola BCE Turizmus Kompetencia K\u00f6zpont Magyar Turisztikai \u00dcgyn\u00f6ks\u00e9g<\/p>","protected":false},"author":1,"featured_media":0,"parent":0,"menu_order":0,"comment_status":"closed","ping_status":"closed","template":"","meta":{"_uag_custom_page_level_css":"","footnotes":""},"class_list":["post-1952","page","type-page","status-publish","hentry"],"uagb_featured_image_src":{"full":false,"thumbnail":false,"medium":false,"medium_large":false,"large":false,"news_plugin_small":false,"tf-client-image-size":false,"1536x1536":false,"2048x2048":false,"trp-custom-language-flag":false,"post-thumbnail":false,"idolcorp-full-width":false,"idolcorp-ourfeatures-thumb":false,"idolcorp-mediumblog-thumb":false},"uagb_author_info":{"display_name":"admin","author_link":"http:\/\/konyvtar-kvik.uni-bge.hu\/en\/author\/admin\/"},"uagb_comment_info":0,"uagb_excerpt":"B\u00e1rczi Guszt\u00e1v \u00d3voda, \u00c1ltal\u00e1nos Iskola \u00e9s K\u00e9szs\u00e9gfejleszt\u0151 Speci\u00e1lis Szakiskola BCE Turizmus Kompetencia K\u00f6zpont Magyar Turisztikai \u00dcgyn\u00f6ks\u00e9g","_links":{"self":[{"href":"http:\/\/konyvtar-kvik.uni-bge.hu\/en\/wp-json\/wp\/v2\/pages\/1952","targetHints":{"allow":["GET"]}}],"collection":[{"href":"http:\/\/konyvtar-kvik.uni-bge.hu\/en\/wp-json\/wp\/v2\/pages"}],"about":[{"href":"http:\/\/konyvtar-kvik.uni-bge.hu\/en\/wp-json\/wp\/v2\/types\/page"}],"author":[{"embeddable":true,"href":"http:\/\/konyvtar-kvik.uni-bge.hu\/en\/wp-json\/wp\/v2\/users\/1"}],"replies":[{"embeddable":true,"href":"http:\/\/konyvtar-kvik.uni-bge.hu\/en\/wp-json\/wp\/v2\/comments?post=1952"}],"version-history":[{"count":1,"href":"http:\/\/konyvtar-kvik.uni-bge.hu\/en\/wp-json\/wp\/v2\/pages\/1952\/revisions"}],"predecessor-version":[{"id":1953,"href":"http:\/\/konyvtar-kvik.uni-bge.hu\/en\/wp-json\/wp\/v2\/pages\/1952\/revisions\/1953"}],"wp:attachment":[{"href":"http:\/\/konyvtar-kvik.uni-bge.hu\/en\/wp-json\/wp\/v2\/media?parent=1952"}],"curies":[{"name":"wp","href":"https:\/\/api.w.org\/{rel}","templated":true}]}}