{"id":194,"date":"2022-05-12T09:15:03","date_gmt":"2022-05-12T09:15:03","guid":{"rendered":"http:\/\/local.konyvtar\/?page_id=194"},"modified":"2024-08-29T13:13:41","modified_gmt":"2024-08-29T11:13:41","slug":"konyvtarak","status":"publish","type":"page","link":"http:\/\/konyvtar-kvik.uni-bge.hu\/en\/konyvtarak\/","title":{"rendered":"Libraries"},"content":{"rendered":"<p><strong>BUEB Libraries<\/strong><\/p>\n\n\n\n<p><a href=\"https:\/\/uni-bge.hu\/kkk\/Szervezeti-egysegeink\/KKK_SZOLG\/KONYVTAR_KKK\">BUEB FIMB Library<\/a><\/p>\n\n\n\n<p><a href=\"https:\/\/konyvtar-pszk.uni-bge.hu\/\">BUEB FFA Library<\/a><\/p>\n\n\n\n<p><strong>Libraries<\/strong><\/p>\n\n\n\n<p><a href=\"http:\/\/www.oszk.hu\/\">National Sz\u00e9ch\u00e9nyi Library<\/a><a href=\"http:\/\/www.oszk.hu\/en\"><\/a><\/p>\n\n\n\n<p><a href=\"http:\/\/fszek.hu\/\">Metropolitan Ervin Szab\u00f3 Library<\/a><\/p>\n\n\n\n<p><a href=\"http:\/\/konyvtar.ksh.hu\/\">KSH&nbsp;K\u00f6nyvt\u00e1r<\/a><\/p>\n\n\n\n<p><a href=\"https:\/\/www.oik.hu\/\">National Library of Foreign Literature<\/a><\/p>\n\n\n\n<p><strong>Online databases<\/strong><\/p>\n\n\n\n<p><a href=\"https:\/\/matarka.hu\/\">Hungarian Periodicals Table of Contents Database<\/a><\/p>\n\n\n\n<p><a href=\"http:\/\/epa.oszk.hu\/\">Electronic Periodicals Archive and Database<\/a><\/p>\n\n\n\n<p><a href=\"http:\/\/mek.oszk.hu\/\">Hungarian Electronic Library<\/a><\/p>","protected":false},"excerpt":{"rendered":"<p>BGE K\u00f6nyvt\u00e1rak BGE KKK K\u00f6nyvt\u00e1r BGE PSZK K\u00f6nyvt\u00e1r K\u00f6nyvt\u00e1rak Orsz\u00e1gos Sz\u00e9chenyi K\u00f6nyvt\u00e1r F\u0151v\u00e1rosi Szab\u00f3 Ervin K\u00f6nyvt\u00e1r KSH&nbsp;K\u00f6nyvt\u00e1r Orsz\u00e1gos Idegennyelv\u0171 K\u00f6nyvt\u00e1r Online adatb\u00e1zisok Magyar foly\u00f3iratok tartalomjegyz\u00e9keinek kereshet\u0151 adatb\u00e1zisa (MATARKA) Elektronikus Periodika Arch\u00edvum \u00e9s Adatb\u00e1zis Magyar Elektronikus K\u00f6nyvt\u00e1r<\/p>","protected":false},"author":1,"featured_media":0,"parent":0,"menu_order":0,"comment_status":"closed","ping_status":"closed","template":"","meta":{"_uag_custom_page_level_css":"","footnotes":""},"class_list":["post-194","page","type-page","status-publish","hentry"],"uagb_featured_image_src":{"full":false,"thumbnail":false,"medium":false,"medium_large":false,"large":false,"news_plugin_small":false,"tf-client-image-size":false,"1536x1536":false,"2048x2048":false,"trp-custom-language-flag":false,"post-thumbnail":false,"idolcorp-full-width":false,"idolcorp-ourfeatures-thumb":false,"idolcorp-mediumblog-thumb":false},"uagb_author_info":{"display_name":"admin","author_link":"http:\/\/konyvtar-kvik.uni-bge.hu\/en\/author\/admin\/"},"uagb_comment_info":0,"uagb_excerpt":"BGE K\u00f6nyvt\u00e1rak BGE KKK K\u00f6nyvt\u00e1r BGE PSZK K\u00f6nyvt\u00e1r K\u00f6nyvt\u00e1rak Orsz\u00e1gos Sz\u00e9chenyi K\u00f6nyvt\u00e1r F\u0151v\u00e1rosi Szab\u00f3 Ervin K\u00f6nyvt\u00e1r KSH&nbsp;K\u00f6nyvt\u00e1r Orsz\u00e1gos Idegennyelv\u0171 K\u00f6nyvt\u00e1r Online adatb\u00e1zisok Magyar foly\u00f3iratok tartalomjegyz\u00e9keinek kereshet\u0151 adatb\u00e1zisa (MATARKA) Elektronikus Periodika Arch\u00edvum \u00e9s Adatb\u00e1zis Magyar Elektronikus K\u00f6nyvt\u00e1r","_links":{"self":[{"href":"http:\/\/konyvtar-kvik.uni-bge.hu\/en\/wp-json\/wp\/v2\/pages\/194","targetHints":{"allow":["GET"]}}],"collection":[{"href":"http:\/\/konyvtar-kvik.uni-bge.hu\/en\/wp-json\/wp\/v2\/pages"}],"about":[{"href":"http:\/\/konyvtar-kvik.uni-bge.hu\/en\/wp-json\/wp\/v2\/types\/page"}],"author":[{"embeddable":true,"href":"http:\/\/konyvtar-kvik.uni-bge.hu\/en\/wp-json\/wp\/v2\/users\/1"}],"replies":[{"embeddable":true,"href":"http:\/\/konyvtar-kvik.uni-bge.hu\/en\/wp-json\/wp\/v2\/comments?post=194"}],"version-history":[{"count":3,"href":"http:\/\/konyvtar-kvik.uni-bge.hu\/en\/wp-json\/wp\/v2\/pages\/194\/revisions"}],"predecessor-version":[{"id":1844,"href":"http:\/\/konyvtar-kvik.uni-bge.hu\/en\/wp-json\/wp\/v2\/pages\/194\/revisions\/1844"}],"wp:attachment":[{"href":"http:\/\/konyvtar-kvik.uni-bge.hu\/en\/wp-json\/wp\/v2\/media?parent=194"}],"curies":[{"name":"wp","href":"https:\/\/api.w.org\/{rel}","templated":true}]}}