{"id":1923,"date":"2024-08-30T11:06:35","date_gmt":"2024-08-30T09:06:35","guid":{"rendered":"https:\/\/konyvtar-kvik.uni-bge.hu\/?page_id=1923"},"modified":"2024-08-30T11:06:36","modified_gmt":"2024-08-30T09:06:36","slug":"2006-2","status":"publish","type":"page","link":"http:\/\/konyvtar-kvik.uni-bge.hu\/en\/2006-2\/","title":{"rendered":"2006"},"content":{"rendered":"<h2 class=\"wp-block-heading has-text-align-center\">A 2006\/1 sz\u00e1m tartalma<\/h2>\n\n\n\n<h3 class=\"wp-block-heading\">Turizmus<\/h3>\n\n\n\n<p>* Kultur\u00e1lis \u00f6r\u00f6ks\u00e9g, helyi k\u00f6z\u00f6ss\u00e9gek \u00e9s gazdas\u00e1gi fejl\u0151d\u00e9s<br>* Az idegenforgalom t\u00e1rsadalmi hat\u00e1sai Bath-ban (Egyes\u00fclt Kir\u00e1lys\u00e1g)<br>* Az \u00f6koturizmus erk\u00f6lcsi f\u00f6l\u00e9nye. Kritikai elemz\u00e9s<\/p>\n\n\n\n<h3 class=\"wp-block-heading\">Sz\u00e1ll\u00e1shely<\/h3>\n\n\n\n<p>* Nagyv\u00e1rosi sz\u00e1llod\u00e1k ir\u00e1nti kereslet<br>* Az \u00e1r, mint a sz\u00e1llodav\u00e1laszt\u00e1st befoly\u00e1sol\u00f3 t\u00e9nyez\u0151 felt\u00e9telezett jelent\u0151s\u00e9ge<\/p>\n\n\n\n<h3 class=\"wp-block-heading\">Marketing<\/h3>\n\n\n\n<p>* A sz\u00e1llodaipar sz\u00f6vegb\u00e1ny\u00e1szata<br>* \u00daj term\u00e9k piacra dob\u00e1s\u00e1nak \u00e9s a c\u00e9gteljes\u00edtm\u00e9ny meghat\u00e1roz\u00f3 elemeinek felismer\u00e9se a kis szolg\u00e1ltat\u00f3 c\u00e9gekn\u00e9l<br>* Kult\u00farturizmus K\u00f6z\u00e9p- \u00e9s Kelet-Eur\u00f3p\u00e1ban a &#8222;hivat\u00e1sos im\u00e1zsform\u00e1l\u00f3k&#8221; szemsz\u00f6g\u00e9b\u0151l<\/p>\n\n\n\n<h3 class=\"wp-block-heading\">K\u00f6rnyezetv\u00e9delem &#8211; Ter\u00fcletfejleszt\u00e9s<\/h3>\n\n\n\n<p>* Az \u00e9ghajlatv\u00e1ltoz\u00e1s lehets\u00e9ges hat\u00e1sai a francia turizmusra<br>* Term\u00e9szeti \u00e9rt\u00e9keken alapul\u00f3 turizmus a Humberhead s\u00edks\u00e1gokon<br><\/p>\n\n\n\n<h3 class=\"wp-block-heading\">Education<\/h3>\n\n\n\n<p>* Turizmus-tanulm\u00e1nyok N\u00e9metorsz\u00e1gban : az internacionaliz\u00e1l\u00f3d\u00e1s hat\u00e1sai a tanulm\u00e1nyokra \u00e9s az oktat\u00e1sra<\/p>\n\n\n\n<h2 class=\"wp-block-heading has-text-align-center top-10\">A 2006\/2 sz\u00e1m tartalma<\/h2>\n\n\n\n<h3 class=\"wp-block-heading\">Turizmus<\/h3>\n\n\n\n<p>* Berlin idegenforgalma a kereslet \u00e9s a k\u00edn\u00e1lat t\u00fckr\u00e9ben<br>* Graz &#8211; 2003 kultur\u00e1lis f\u0151v\u00e1rosa<br>* Bar\u00e1ti \u00e9s rokonl\u00e1togat\u00e1sok. Val\u00f3ban margin\u00e1lis piac?<\/p>\n\n\n\n<h3 class=\"wp-block-heading\">P\u00e9nz\u00fcgy<\/h3>\n\n\n\n<p>* A k\u00f6rnyezeti kock\u00e1zat, mint konstruktum tesztel\u00e9se \u00e9s kidolgoz\u00e1sa a vend\u00e9gl\u00e1t\u00f3ipari strat\u00e9giai kutat\u00e1s ter\u00fclet\u00e9n<\/p>\n\n\n\n<h3 class=\"wp-block-heading\">Sz\u00e1ll\u00e1shely<\/h3>\n\n\n\n<p>* A m\u00e1rkat\u0151ke \u00e9s a c\u00e9gteljes\u00edtm\u00e9ny kapcsolata luxussz\u00e1ll\u00f3k \u00e9s \u00e9ttereml\u00e1ncok eset\u00e9ben<\/p>\n\n\n\n<h3 class=\"wp-block-heading\">Marketing<\/h3>\n\n\n\n<p>* A turizmus \u00e9s az \u00faj fogyaszt\u00e1si kult\u00fara: ir\u00e1nyzatok, helysz\u00ednek, \u00e9rt\u00e9km\u00e9r\u0151k<\/p>\n\n\n\n<h3 class=\"wp-block-heading\">K\u00f6rnyezetv\u00e9delem &#8211; Ter\u00fcletfejleszt\u00e9s<\/h3>\n\n\n\n<p>* Nagy kiterjed\u00e9s\u0171 v\u00e9dett ter\u00fcletek \u00e9s a l\u00e1togat\u00f3i inform\u00e1ci\u00f3kezel\u00e9s N\u00e9metorsz\u00e1gban<br>* A tengerparti turizmus j\u00f6v\u0151je<br>* A szolg\u00e1ltat\u00e1sok szerepe a region\u00e1lis \u00e9s v\u00e1rosi fejl\u0151d\u00e9sben: a kor\u00e1bbi n\u00e9zetek \u00fajra\u00e9rt\u00e9kel\u00e9se<\/p>\n\n\n\n<h3 class=\"wp-block-heading\">Min\u0151s\u00e9gbiztos\u00edt\u00e1s<\/h3>\n\n\n\n<p>* Vend\u00e9gkapcsolatok a v\u00e1rosi turizmusban<\/p>\n\n\n\n<h2 class=\"wp-block-heading has-text-align-center top-10\">A 2006\/3 sz\u00e1m tartalma<\/h2>\n\n\n\n<h3 class=\"wp-block-heading\">Turizmus<\/h3>\n\n\n\n<p>* Egy eg\u00e9szs\u00e9g\u00fcgyi v\u00e1ls\u00e1ghelyzet kezel\u00e9se: a szingap\u00fari SARS-j\u00e1rv\u00e1ny<br>* Sport \u00e9s turizmus<br>* A helyi k\u00f6z\u00f6ss\u00e9g turizmus-attit\u0171dje<\/p>\n\n\n\n<h3 class=\"wp-block-heading\">Sz\u00e1ll\u00e1shely<\/h3>\n\n\n\n<p>* A t\u00e1j\u00e9koztat\u00e1s szerepe a v\u00e1ltoz\u00f3 sz\u00e1llodai \u00e1rk\u00e9pz\u00e9sben<\/p>\n\n\n\n<h3 class=\"wp-block-heading\">Marketing<\/h3>\n\n\n\n<p>* Az \u00fcgyf\u00e9lkapcsolat-menedzsment integr\u00e1l\u00e1sa a sz\u00e1llodai \u00fcgymenetbe<br>* A Corporate Brand Management lehet\u0151s\u00e9gei \u00e9s korl\u00e1tai t\u00faraszervez\u0151 v\u00e1llalkoz\u00e1sokn\u00e1l<\/p>\n\n\n\n<h3 class=\"wp-block-heading\">Ter\u00fcletfejleszt\u00e9s<\/h3>\n\n\n\n<p>* Szolg\u00e1ltat\u00e1sok region\u00e1lis helyzete a k\u00f6z\u00e9p- \u00e9s kelet-eur\u00f3pai orsz\u00e1gokban<br>* Szolg\u00e1ltat\u00e1sok \u00e9s region\u00e1lis fejl\u0151d\u00e9s<\/p>\n\n\n\n<h3 class=\"wp-block-heading\">Min\u0151s\u00e9gbiztos\u00edt\u00e1s<\/h3>\n\n\n\n<p>* A funkcion\u00e1lis \u00e9s rel\u00e1ci\u00f3s szolg\u00e1ltat\u00e1smin\u0151s\u00e9g sz\u00ednvonal\u00e1nak t\u00fal\u00e9rt\u00e9kel\u00e9se a szolg\u00e1ltat\u00f3iparban dolgoz\u00f3 alkalmazottak \u00e1ltal<\/p>\n\n\n\n<h2 class=\"wp-block-heading has-text-align-center top-10\">A 2006\/4 sz\u00e1m tartalma<\/h2>\n\n\n\n<h3 class=\"wp-block-heading\">Turizmus<\/h3>\n\n\n\n<p>* A t\u00f6r\u00f6k idegenforgalom profilja<br>* A terrorizmus region\u00e1lis hat\u00e1sai a turizmusra &#8211; h\u00e1rom f\u00f6ldk\u00f6zi-tengeri orsz\u00e1g p\u00e9ld\u00e1j\u00e1n<br>* Belv\u00e1ros-menedzsment egy n\u00e9met nagyv\u00e1rosban &#8211; L\u00fcbeck p\u00e9ld\u00e1ja<\/p>\n\n\n\n<h3 class=\"wp-block-heading\">Hospitality<\/h3>\n\n\n\n<p>* A csillagok m\u00f6g\u00f6tt. A Michelin-besorol\u00e1ssal rendelkez\u0151 eur\u00f3pai \u00e9ttermek r\u00f6vid tipol\u00f3gi\u00e1ja<br>* Mikor jav\u00edtja a franchising egy \u00e9tterem teljes\u00edtm\u00e9ny\u00e9t?<\/p>\n\n\n\n<h3 class=\"wp-block-heading\">Sz\u00e1ll\u00e1shely<\/h3>\n\n\n\n<p>* Strat\u00e9giai sz\u00e1llodafejleszt\u00e9s \u00e9s -poz\u00edcion\u00e1l\u00e1s avagy a j\u00f6vedelmet meghat\u00e1roz\u00f3 t\u00e9nyez\u0151k hat\u00e1sa a nyeres\u00e9gess\u00e9gre<br>* A m\u00e1rka-hovatartoz\u00e1s \u00e1ltal a sz\u00e1llod\u00e1k piaci \u00e9rt\u00e9k\u00e9re gyakorolt hat\u00e1s<br>* Technikai \u00e9s allok\u00e1ci\u00f3s hat\u00e9konys\u00e1g egy kism\u00e9ret\u0171 h\u00e1zakb\u00f3l \u00e1ll\u00f3 sz\u00e1llodal\u00e1ncban<\/p>\n\n\n\n<h3 class=\"wp-block-heading\">Marketing<\/h3>\n\n\n\n<p>* M\u00fazeumi menedzsment<\/p>","protected":false},"excerpt":{"rendered":"<p>A 2006\/1 sz\u00e1m tartalma Turizmus * Kultur\u00e1lis \u00f6r\u00f6ks\u00e9g, helyi k\u00f6z\u00f6ss\u00e9gek \u00e9s gazdas\u00e1gi fejl\u0151d\u00e9s* Az idegenforgalom t\u00e1rsadalmi hat\u00e1sai Bath-ban (Egyes\u00fclt Kir\u00e1lys\u00e1g)* Az \u00f6koturizmus erk\u00f6lcsi f\u00f6l\u00e9nye. Kritikai elemz\u00e9s Sz\u00e1ll\u00e1shely * Nagyv\u00e1rosi sz\u00e1llod\u00e1k ir\u00e1nti kereslet* Az \u00e1r, mint a sz\u00e1llodav\u00e1laszt\u00e1st befoly\u00e1sol\u00f3 t\u00e9nyez\u0151 felt\u00e9telezett jelent\u0151s\u00e9ge Marketing * A sz\u00e1llodaipar sz\u00f6vegb\u00e1ny\u00e1szata* \u00daj term\u00e9k piacra dob\u00e1s\u00e1nak \u00e9s a c\u00e9gteljes\u00edtm\u00e9ny meghat\u00e1roz\u00f3 elemeinek felismer\u00e9se a kis szolg\u00e1ltat\u00f3 c\u00e9gekn\u00e9l* Kult\u00farturizmus K\u00f6z\u00e9p- \u00e9s Kelet-Eur\u00f3p\u00e1ban a &#8222;hivat\u00e1sos im\u00e1zsform\u00e1l\u00f3k&#8221; szemsz\u00f6g\u00e9b\u0151l K\u00f6rnyezetv\u00e9delem &#8211; Ter\u00fcletfejleszt\u00e9s * Az \u00e9ghajlatv\u00e1ltoz\u00e1s lehets\u00e9ges hat\u00e1sai a francia turizmusra* Term\u00e9szeti \u00e9rt\u00e9keken alapul\u00f3 turizmus a Humberhead&hellip;<\/p>","protected":false},"author":1,"featured_media":0,"parent":0,"menu_order":0,"comment_status":"closed","ping_status":"closed","template":"","meta":{"_uag_custom_page_level_css":"","footnotes":""},"class_list":["post-1923","page","type-page","status-publish","hentry"],"uagb_featured_image_src":{"full":false,"thumbnail":false,"medium":false,"medium_large":false,"large":false,"news_plugin_small":false,"tf-client-image-size":false,"1536x1536":false,"2048x2048":false,"trp-custom-language-flag":false,"post-thumbnail":false,"idolcorp-full-width":false,"idolcorp-ourfeatures-thumb":false,"idolcorp-mediumblog-thumb":false},"uagb_author_info":{"display_name":"admin","author_link":"http:\/\/konyvtar-kvik.uni-bge.hu\/en\/author\/admin\/"},"uagb_comment_info":0,"uagb_excerpt":"A 2006\/1 sz\u00e1m tartalma Turizmus * Kultur\u00e1lis \u00f6r\u00f6ks\u00e9g, helyi k\u00f6z\u00f6ss\u00e9gek \u00e9s gazdas\u00e1gi fejl\u0151d\u00e9s* Az idegenforgalom t\u00e1rsadalmi hat\u00e1sai Bath-ban (Egyes\u00fclt Kir\u00e1lys\u00e1g)* Az \u00f6koturizmus erk\u00f6lcsi f\u00f6l\u00e9nye. Kritikai elemz\u00e9s Sz\u00e1ll\u00e1shely * Nagyv\u00e1rosi sz\u00e1llod\u00e1k ir\u00e1nti kereslet* Az \u00e1r, mint a sz\u00e1llodav\u00e1laszt\u00e1st befoly\u00e1sol\u00f3 t\u00e9nyez\u0151 felt\u00e9telezett jelent\u0151s\u00e9ge Marketing * A sz\u00e1llodaipar sz\u00f6vegb\u00e1ny\u00e1szata* \u00daj term\u00e9k piacra dob\u00e1s\u00e1nak \u00e9s a c\u00e9gteljes\u00edtm\u00e9ny meghat\u00e1roz\u00f3 elemeinek&hellip;","_links":{"self":[{"href":"http:\/\/konyvtar-kvik.uni-bge.hu\/en\/wp-json\/wp\/v2\/pages\/1923","targetHints":{"allow":["GET"]}}],"collection":[{"href":"http:\/\/konyvtar-kvik.uni-bge.hu\/en\/wp-json\/wp\/v2\/pages"}],"about":[{"href":"http:\/\/konyvtar-kvik.uni-bge.hu\/en\/wp-json\/wp\/v2\/types\/page"}],"author":[{"embeddable":true,"href":"http:\/\/konyvtar-kvik.uni-bge.hu\/en\/wp-json\/wp\/v2\/users\/1"}],"replies":[{"embeddable":true,"href":"http:\/\/konyvtar-kvik.uni-bge.hu\/en\/wp-json\/wp\/v2\/comments?post=1923"}],"version-history":[{"count":1,"href":"http:\/\/konyvtar-kvik.uni-bge.hu\/en\/wp-json\/wp\/v2\/pages\/1923\/revisions"}],"predecessor-version":[{"id":1924,"href":"http:\/\/konyvtar-kvik.uni-bge.hu\/en\/wp-json\/wp\/v2\/pages\/1923\/revisions\/1924"}],"wp:attachment":[{"href":"http:\/\/konyvtar-kvik.uni-bge.hu\/en\/wp-json\/wp\/v2\/media?parent=1923"}],"curies":[{"name":"wp","href":"https:\/\/api.w.org\/{rel}","templated":true}]}}