{"id":1913,"date":"2024-08-30T11:02:07","date_gmt":"2024-08-30T09:02:07","guid":{"rendered":"https:\/\/konyvtar-kvik.uni-bge.hu\/?page_id=1913"},"modified":"2024-08-30T11:02:08","modified_gmt":"2024-08-30T09:02:08","slug":"2001-2","status":"publish","type":"page","link":"http:\/\/konyvtar-kvik.uni-bge.hu\/en\/2001-2\/","title":{"rendered":"2001"},"content":{"rendered":"<h2 class=\"wp-block-heading has-text-align-center top-10\">2001\/1 sz\u00e1m tartalma<\/h2>\n\n\n\n<h3 class=\"wp-block-heading\">Oktat\u00e1s, hum\u00e1ner\u0151forr\u00e1s<\/h3>\n\n\n\n<p>* Az idegenforgalmi \u00e9s vend\u00e9gl\u00e1t\u00f3ipari tananyag megtervez\u00e9s\u00e9nek versenyszeml\u00e9let\u0171 megk\u00f6zel\u00edt\u00e9se<br>* K\u00e9pz\u00e9si technik\u00e1k \u00e9s eszk\u00f6z\u00f6k: t\u00e9nyek a vend\u00e9gl\u00e1t\u00f3iparb\u00f3l<\/p>\n\n\n\n<h3 class=\"wp-block-heading\">Turizmus &#8211; Utaztat\u00e1s<\/h3>\n\n\n\n<p>* Turizmuspolitika a fejlett nemzetgazdas\u00e1gokban: Sv\u00e1jc p\u00e9ld\u00e1ja<br>* Megv\u00e1ltozott az Idegenforgalmi Hivatal vezet\u0151j\u00e9nek feladatk\u00f6re<br>* Kapcsolat a helyi lakosok turizmushoz val\u00f3 hozz\u00e1\u00e1ll\u00e1sa \u00e9s a turizmus fejl\u0151d\u00e9se k\u00f6z\u00f6tt<br>* Egzotikus \u00e1lomutaz\u00e1sok<br>*Sie kommen! A nagy eur\u00f3pai utaz\u00e1sszervez\u0151k megh\u00f3d\u00edtj\u00e1k a francia piacot<br>* Nem homokv\u00e1rak lesznek a saj\u00e1t sz\u00e1llod\u00e1k<br>* Mesters\u00e9ges intelligencia az utaz\u00e1si irod\u00e1ban<\/p>\n\n\n\n<h3 class=\"wp-block-heading\">Sz\u00e1ll\u00e1shely<\/h3>\n\n\n\n<p>* Globaliz\u00e1ci\u00f3, avagy k\u00f6zels\u00e9g, minden sz\u00e1ll\u00e1shelyt\u00edpusnak megvan a maga strat\u00e9gi\u00e1ja<br>* Tall\u00f3z\u00e1s az FVW International Nr 21\/2000 sz\u00e1m\u00e1b\u00f3l<br>* Eszk\u00f6zar\u00e1nyos megt\u00e9r\u00fcl\u00e9s. Az eredm\u00e9nykimutat\u00e1s \u00e9s a m\u00e9rleg \u00e1ltal ny\u00fajtott inform\u00e1ci\u00f3k szoros kapcsolata<\/p>\n\n\n\n<h3 class=\"wp-block-heading\">K\u00f6rnyezetv\u00e9delem &#8211; \u00d6koturizmus &#8211; Ter\u00fcletfejleszt\u00e9s<\/h3>\n\n\n\n<p>* Az \u00f6koturizmus fejleszt\u00e9se Camargue ter\u00fclet\u00e9n<br>* \u00d6koturizmus: er\u0151fesz\u00edt\u00e9sek az elm\u00e9let \u00e9s a gyakorlat \u00f6sszeegyeztet\u00e9se \u00e9rdek\u00e9ben<br>* Ornitol\u00f3giai utaz\u00e1s &#8211; egy \u00faj piac, vagy piaci r\u00e9s?<br>* Ir\u00e1ny\u00edtott turisztikai strat\u00e9gia &#8211; mutat\u00f3k alkalmaz\u00e1s\u00e1val<\/p>\n\n\n\n<h3 class=\"wp-block-heading\">Min\u0151s\u00e9gbiztos\u00edt\u00e1s<\/h3>\n\n\n\n<p>* A vend\u00e9gel\u00e9gedetts\u00e9ggel foglalkoz\u00f3 menedzsment a sz\u00e1llodaiparban : a vend\u00e9gk\u00f6zpont\u00fa szolg\u00e1ltat\u00e1sok kialak\u00edt\u00e1si szempontjai<br><\/p>\n\n\n\n<h2 class=\"wp-block-heading has-text-align-center top-10\">2001\/2 sz\u00e1m tartalma<\/h2>\n\n\n\n<h3 class=\"wp-block-heading\">Oktat\u00e1s, hum\u00e1ner\u0151forr\u00e1s<\/h3>\n\n\n\n<p>* &#8222;Valamelyest dr\u00e1g\u00e1bbak vagyunk.&#8221;<br>* A sz\u00e1llodai menedzsmentk\u00e9pz\u00e9s reformja. Karrierlehet\u0151s\u00e9gek a sz\u00e1llodaiparban<\/p>\n\n\n\n<h3 class=\"wp-block-heading\">Turizmus &#8211; Utaztat\u00e1s<\/h3>\n\n\n\n<p>* &#8222;Kedvez\u0151nek \u00edt\u00e9lem az idegenforgalom helyzet\u00e9t&#8221;<br>* Idegenforgalmi kis- \u00e9s k\u00f6z\u00e9pv\u00e1llalkoz\u00e1sok \u00e1talakul\u00e1si neh\u00e9zs\u00e9gei \u00e9s fejl\u0151d\u00e9si perspekt\u00edv\u00e1i<br>* Utaz\u00e1sszervez\u0151i alapelveket dolgoz ki a C&amp;N<br>* F\u00e9l\u00faton a gy\u00f3gyf\u00fcrd\u0151 \u00e9s a kolostor k\u00f6z\u00f6tt<br>* &#8222;A mi terv\u00fcnkh\u00f6z nem l\u00e9tezik k\u00f6vetend\u0151 modell&#8221;<br>* A TQ3 l\u00e9p a First \u00e9s a Hapag-Lloyd hely\u00e9be<br>* V\u00e1rosi \u00e9s bev\u00e1s\u00e1rl\u00f3 turizmus<\/p>\n\n\n\n<h3 class=\"wp-block-heading\">Sz\u00e1ll\u00e1shely &#8211; Vend\u00e9gl\u00e1t\u00e1s<\/h3>\n\n\n\n<p>* A bev\u00e9tel-gazd\u00e1lkod\u00e1s alkalmaz\u00e1sa \u00e9s megval\u00f3s\u00edt\u00e1sa 5 l\u00e9p\u00e9sben a vend\u00e9gl\u00e1t\u00f3iparban<\/p>\n\n\n\n<h3 class=\"wp-block-heading\">K\u00f6rnyezetv\u00e9delem &#8211; \u00d6koturizmus &#8211; Ter\u00fcletfejleszt\u00e9s<\/h3>\n\n\n\n<p>* A k\u00f6rnyezetv\u00e9delmi ad\u00f3 c\u00e9lja egy \u00faj Mallorca megteremt\u00e9se<br>* Tart\u00f3s turizmus<br>* Hely, turizmus \u00e9s fenntarthat\u00f3s\u00e1g<br>* K\u00f6zleked\u00e9s \u00e9s turizmus: a ker\u00e9kp\u00e1rturizmus &#8211; a k\u00f6rnyezetbar\u00e1t fejleszt\u00e9s egy lehets\u00e9ges modellje?<br>* \u00d6n\u00e1ll\u00f3 vid\u00e9kfejleszt\u00e9s a globaliz\u00e1ci\u00f3 jegy\u00e9ben<\/p>\n\n\n\n<h3 class=\"wp-block-heading\">K\u00f6zleked\u00e9s<\/h3>\n\n\n\n<p>* Az Austrian Airlines vezet\u0151s\u00e9ge \u00fajabb tervezettel \u00e1ll el\u0151; v\u00e1rhat\u00f3 a csoport szervezeti \u00e1talak\u00edt\u00e1sa<br>* A region\u00e1lis rep\u00fcl\u0151terek el\u0151ret\u00f6r\u00e9se<br>* Hille a START AMADEUS \u00e9l\u00e9n<\/p>\n\n\n\n<h3 class=\"wp-block-heading\">Marketing<\/h3>\n\n\n\n<p>* A c\u00e9lk\u00f6z\u00f6ns\u00e9g egy tagj\u00e1nak tan\u00e1csai az \u00e9rt\u00e9kes\u00edt\u00e9ssel foglalkoz\u00f3k sz\u00e1m\u00e1ra<br><\/p>\n\n\n\n<h2 class=\"wp-block-heading has-text-align-center top-10\">2001\/3 sz\u00e1m tartalma<\/h2>\n\n\n\n<h3 class=\"wp-block-heading\">Rendezv\u00e9ny<\/h3>\n\n\n\n<p>* A kereskedelmi v\u00e1s\u00e1rok vil\u00e1ga<br>* Rimini \u00e9s San Marino: a turizmust\u00f3l a v\u00e1s\u00e1rokig \u00e9s \u00f6sszej\u00f6vetelekig<\/p>\n\n\n\n<h3 class=\"wp-block-heading\">Turizmus &#8211; Utaztat\u00e1s<\/h3>\n\n\n\n<p>* Utaz\u00e1sszervez\u0151k az Egyes\u00fclt Kir\u00e1lys\u00e1gban<br>* Az utaz\u00e1sszervez\u0151 elker\u00fclik a kedvez\u0151tlen id\u0151j\u00e1r\u00e1s\u00fa frontokat<br>* A Nouvelles Frontieres vezet\u0151je: &#8222;h\u00eddf\u0151 a Preussag terjeszked\u00e9s\u00e9hez&#8221;<br>* Az online piac egy szelet\u00e9nek biztos\u00edt\u00e1sa<\/p>\n\n\n\n<h3 class=\"wp-block-heading\">Sz\u00e1ll\u00e1shely &#8211; Vend\u00e9gl\u00e1t\u00e1s<\/h3>\n\n\n\n<p>* Biztosra menni<br>* A k\u00e9szletforg\u00e1s elemz\u00e9se \u00e9s jelent\u0151s\u00e9ge az \u00fan. on-site \u00e9rkeztet\u00e9sekn\u00e9l<br>* Korl\u00e1tozott szolg\u00e1ltat\u00e1st ny\u00fajt\u00f3 sz\u00e1llodam\u00e1rk\u00e1k<br>* A REVPAR, \u00e9s ami azon t\u00fal van<\/p>\n\n\n\n<h3 class=\"wp-block-heading\">Ter\u00fcletfejleszt\u00e9s<\/h3>\n\n\n\n<p>* Hogyan befoly\u00e1solja a sz\u00e1ll\u00e1shely-szektor a turizmus fejl\u0151d\u00e9s\u00e9t?<\/p>\n\n\n\n<h3 class=\"wp-block-heading\">Min\u0151s\u00e9gbiztos\u00edt\u00e1s<\/h3>\n\n\n\n<p>* A kiszolg\u00e1l\u00e1si sztenderdek megfogalmaz\u00e1sa a turisztikai szolg\u00e1ltat\u00e1sokban \u00e9s azok fel\u00fclvizsg\u00e1lata az \u00fagynevezett &#8222;Mystery Guest&#8221;-ek alkalmaz\u00e1s\u00e1val<\/p>\n\n\n\n<h3 class=\"wp-block-heading\">K\u00f6zleked\u00e9s<\/h3>\n\n\n\n<p>* Fagyos id\u0151k j\u00e1rnak az SAir Csoport h\u00e1za t\u00e1j\u00e1n<br>* A DB aut\u00f3svonat lend\u00fcletbe hozza az \u00fczletet; egyed\u00fcl az utaz\u00e1si irod\u00e1k nem tartanak vel\u00fck<br>* Rep\u00fcl\u0151t\u00e9ri menedzsment<br>* Felkapott region\u00e1lis rep\u00fcl\u0151terek<\/p>\n\n\n\n<h3 class=\"wp-block-heading\">Marketing<\/h3>\n\n\n\n<p>* Utaz\u00e1si katal\u00f3gusok rekl\u00e1mhat\u00e1sa<br><\/p>\n\n\n\n<h2 class=\"wp-block-heading has-text-align-center top-10\">2001\/4 sz\u00e1m tartalma<\/h2>\n\n\n\n<h3 class=\"wp-block-heading\">Turizmus<\/h3>\n\n\n\n<p>* A regionaliz\u00e1ci\u00f3 gazdas\u00e1gi \u00e9s turizmuspolitikai h\u00e1ttere, illetve felt\u00e9telei<br>* Diaszp\u00f3r\u00e1k, avagy a turizmus ismeretlen szerepl\u0151i<br>* A mozg\u00e1ss\u00e9r\u00fcltek \u00e9s a turizmus kapcsolata<br>* A vil\u00e1g legl\u00e1togatottabb helyei<br>* Agr\u00e1rturizmus: a farmv\u00e1llalkoz\u00e1sok diverzifik\u00e1ci\u00f3ja m\u00f6g\u00f6tti motiv\u00e1ci\u00f3k<br>* A nyaral\u00e1s, mint \u00e9letm\u00f3d-specifikus befektet\u00e9s<\/p>\n\n\n\n<h3 class=\"wp-block-heading\">Utaztat\u00e1s<\/h3>\n\n\n\n<p>* A yield menedzsment, mint a profitorient\u00e1lt kapacit\u00e1skihaszn\u00e1l\u00e1s m\u00f3dszere az utaz\u00e1sszervez\u0151k k\u00f6r\u00e9ben<br>* A keleti piacokhoz nagy t\u00fcrelemre van sz\u00fcks\u00e9g<br>* A spanyol utaz\u00e1sszervez\u0151 c\u00e9gek az \u00f6n\u00e1ll\u00f3 \u00e9rt\u00e9kes\u00edt\u00e9st fontolgatj\u00e1k<br>* Nagy b\u0151r\u00f6nd &#8211; sok kiad\u00e1s<br>* Az \u00fczleti utak francia piac\u00e1nak fejl\u0151d\u00e9se a 90-es \u00e9vekben<br>* Fordulatra v\u00e1rva<br>* Az utaz\u00e1sszervez\u0151 c\u00e9gek az \u00f6n\u00e1ll\u00f3 \u00e9rt\u00e9kes\u00edt\u00e9st fontolgatj\u00e1k<br>* Csak a Fram tudott a n\u00e9metekkel dacolni<br>* Hol a hat\u00e1r?<br>* A rep\u00fcl\u0151utak piaca csak lassan b\u0151v\u00fcl<\/p>\n\n\n\n<h3 class=\"wp-block-heading\">Sz\u00e1ll\u00e1shely &#8211; Vend\u00e9gl\u00e1t\u00e1s<\/h3>\n\n\n\n<p>* A hat\u00e9kony sz\u00e1ll\u00e1shely<br>* Sz\u00e1llodai k\u00f6lts\u00e9gvet\u00e9s k\u00e9sz\u00edt\u00e9se<br>* Az ACCOR Deutschland hotelparkjainak kiterjeszt\u00e9se<br>* A n\u00e9met sz\u00e1llodaipar<\/p>\n\n\n\n<h3 class=\"wp-block-heading\">Jog<\/h3>\n\n\n\n<p>* K\u00e9pviseleti t\u00f6rv\u00e9ny, a vagyonkezel\u0151 feladatk\u00f6re \u00e9s a sz\u00e1llodamenedzsel\u00e9si szerz\u0151d\u00e9sek<br>* Hogyan \u00e1llap\u00edtsuk meg a hivat\u00e1sos utaztat\u00f3k szerz\u0151d\u00e9sszeg\u00e9s\u00e9\u00e9rt kir\u00f3hat\u00f3 k\u00e1rt\u00e9r\u00edt\u00e9s m\u00e9rt\u00e9k\u00e9t?<\/p>\n\n\n\n<h3 class=\"wp-block-heading\">Marketing<\/h3>\n\n\n\n<p>* A c\u00e9l: eladni k\u00fclf\u00f6ld\u00f6n Franciaorsz\u00e1got<br>* A c\u00e9lzott PR-t tanulni kell<br>* Szabadid\u0151s \u00e9s idegenforgalmi szolg\u00e1ltat\u00e1sok \u00e9s az innovat\u00edv id\u0151sebb gener\u00e1ci\u00f3<\/p>\n\n\n\n<h3 class=\"wp-block-heading\">Hum\u00e1n menedzsment<\/h3>\n\n\n\n<p>* Rajthoz. K\u00e9sz, tanul\u00e1s,&#8230; \u00e9s indulhat a verseny!<\/p>\n\n\n\n<h3 class=\"wp-block-heading\">K\u00f6zleked\u00e9s<\/h3>\n\n\n\n<p>* L\u00e9git\u00e1rsas\u00e1gok. Mire is val\u00f3k a nemzetk\u00f6zi sz\u00f6vets\u00e9gek?<\/p>","protected":false},"excerpt":{"rendered":"<p>2001\/1 sz\u00e1m tartalma Oktat\u00e1s, hum\u00e1ner\u0151forr\u00e1s * Az idegenforgalmi \u00e9s vend\u00e9gl\u00e1t\u00f3ipari tananyag megtervez\u00e9s\u00e9nek versenyszeml\u00e9let\u0171 megk\u00f6zel\u00edt\u00e9se* K\u00e9pz\u00e9si technik\u00e1k \u00e9s eszk\u00f6z\u00f6k: t\u00e9nyek a vend\u00e9gl\u00e1t\u00f3iparb\u00f3l Turizmus &#8211; Utaztat\u00e1s * Turizmuspolitika a fejlett nemzetgazdas\u00e1gokban: Sv\u00e1jc p\u00e9ld\u00e1ja* Megv\u00e1ltozott az Idegenforgalmi Hivatal vezet\u0151j\u00e9nek feladatk\u00f6re* Kapcsolat a helyi lakosok turizmushoz val\u00f3 hozz\u00e1\u00e1ll\u00e1sa \u00e9s a turizmus fejl\u0151d\u00e9se k\u00f6z\u00f6tt* Egzotikus \u00e1lomutaz\u00e1sok*Sie kommen! A nagy eur\u00f3pai utaz\u00e1sszervez\u0151k megh\u00f3d\u00edtj\u00e1k a francia piacot* Nem homokv\u00e1rak lesznek a saj\u00e1t sz\u00e1llod\u00e1k* Mesters\u00e9ges intelligencia az utaz\u00e1si irod\u00e1ban Sz\u00e1ll\u00e1shely * Globaliz\u00e1ci\u00f3, avagy k\u00f6zels\u00e9g, minden sz\u00e1ll\u00e1shelyt\u00edpusnak megvan a maga strat\u00e9gi\u00e1ja* Tall\u00f3z\u00e1s az FVW&hellip;<\/p>","protected":false},"author":1,"featured_media":0,"parent":0,"menu_order":0,"comment_status":"closed","ping_status":"closed","template":"","meta":{"_uag_custom_page_level_css":"","footnotes":""},"class_list":["post-1913","page","type-page","status-publish","hentry"],"uagb_featured_image_src":{"full":false,"thumbnail":false,"medium":false,"medium_large":false,"large":false,"news_plugin_small":false,"tf-client-image-size":false,"1536x1536":false,"2048x2048":false,"trp-custom-language-flag":false,"post-thumbnail":false,"idolcorp-full-width":false,"idolcorp-ourfeatures-thumb":false,"idolcorp-mediumblog-thumb":false},"uagb_author_info":{"display_name":"admin","author_link":"http:\/\/konyvtar-kvik.uni-bge.hu\/en\/author\/admin\/"},"uagb_comment_info":0,"uagb_excerpt":"2001\/1 sz\u00e1m tartalma Oktat\u00e1s, hum\u00e1ner\u0151forr\u00e1s * Az idegenforgalmi \u00e9s vend\u00e9gl\u00e1t\u00f3ipari tananyag megtervez\u00e9s\u00e9nek versenyszeml\u00e9let\u0171 megk\u00f6zel\u00edt\u00e9se* K\u00e9pz\u00e9si technik\u00e1k \u00e9s eszk\u00f6z\u00f6k: t\u00e9nyek a vend\u00e9gl\u00e1t\u00f3iparb\u00f3l Turizmus &#8211; Utaztat\u00e1s * Turizmuspolitika a fejlett nemzetgazdas\u00e1gokban: Sv\u00e1jc p\u00e9ld\u00e1ja* Megv\u00e1ltozott az Idegenforgalmi Hivatal vezet\u0151j\u00e9nek feladatk\u00f6re* Kapcsolat a helyi lakosok turizmushoz val\u00f3 hozz\u00e1\u00e1ll\u00e1sa \u00e9s a turizmus fejl\u0151d\u00e9se k\u00f6z\u00f6tt* Egzotikus \u00e1lomutaz\u00e1sok*Sie kommen! A nagy eur\u00f3pai&hellip;","_links":{"self":[{"href":"http:\/\/konyvtar-kvik.uni-bge.hu\/en\/wp-json\/wp\/v2\/pages\/1913","targetHints":{"allow":["GET"]}}],"collection":[{"href":"http:\/\/konyvtar-kvik.uni-bge.hu\/en\/wp-json\/wp\/v2\/pages"}],"about":[{"href":"http:\/\/konyvtar-kvik.uni-bge.hu\/en\/wp-json\/wp\/v2\/types\/page"}],"author":[{"embeddable":true,"href":"http:\/\/konyvtar-kvik.uni-bge.hu\/en\/wp-json\/wp\/v2\/users\/1"}],"replies":[{"embeddable":true,"href":"http:\/\/konyvtar-kvik.uni-bge.hu\/en\/wp-json\/wp\/v2\/comments?post=1913"}],"version-history":[{"count":1,"href":"http:\/\/konyvtar-kvik.uni-bge.hu\/en\/wp-json\/wp\/v2\/pages\/1913\/revisions"}],"predecessor-version":[{"id":1914,"href":"http:\/\/konyvtar-kvik.uni-bge.hu\/en\/wp-json\/wp\/v2\/pages\/1913\/revisions\/1914"}],"wp:attachment":[{"href":"http:\/\/konyvtar-kvik.uni-bge.hu\/en\/wp-json\/wp\/v2\/media?parent=1913"}],"curies":[{"name":"wp","href":"https:\/\/api.w.org\/{rel}","templated":true}]}}