{"id":188,"date":"2022-05-12T09:12:25","date_gmt":"2022-05-12T09:12:25","guid":{"rendered":"http:\/\/local.konyvtar\/?page_id=188"},"modified":"2025-01-24T13:36:36","modified_gmt":"2025-01-24T12:36:36","slug":"szabalyzatok","status":"publish","type":"page","link":"http:\/\/konyvtar-kvik.uni-bge.hu\/en\/szabalyzatok\/","title":{"rendered":"Regulations"},"content":{"rendered":"<p><strong>REGULATIONS<\/strong><\/p>\r\n\r\n\r\n\r\n<figure class=\"wp-block-table\">\r\n<table>\r\n<tbody>\r\n<tr>\r\n<td class=\"has-text-align-center\" data-align=\"center\"><img decoding=\"async\" src=\"\/wp-content\/uploads\/2022\/05\/word.jpg\" alt=\"\" \/><\/td>\r\n<td><a href=\"\/wp-content\/uploads\/2022\/05\/kuldetesnyilatkozat.doc\" target=\"_blank\" rel=\"noreferrer noopener\">Mission statement<\/a><\/td>\r\n<\/tr>\r\n<tr>\r\n<td class=\"has-text-align-center\" data-align=\"center\"><img decoding=\"async\" src=\"\/wp-content\/uploads\/2022\/05\/pdf.jpg\" alt=\"\" \/>\u00a0<\/td>\r\n<td><a href=\"\/wp-content\/uploads\/2022\/05\/konyvtarhasznalati_szabalyzat.pdf\" target=\"_blank\" rel=\"noreferrer noopener\">Library user's guide (complete, Hungarian)<\/a><\/td>\r\n<\/tr>\r\n<tr>\r\n<td class=\"has-text-align-center\" data-align=\"center\"><img decoding=\"async\" src=\"\/wp-content\/uploads\/2022\/05\/pdf.jpg\" width=\"16\" height=\"16\" \/>\u00a0<\/td>\r\n<td><a href=\"\/wp-content\/uploads\/2024\/05\/Kari_konyvtari-szabalyzat-2023-24-rovid_magyar.pdf\">Library user's guide (outline, English)<\/a>\u00a0<\/td>\r\n<\/tr>\r\n<tr>\r\n<td class=\"has-text-align-center\" data-align=\"center\"><img decoding=\"async\" src=\"\/wp-content\/uploads\/2022\/05\/pdf.jpg\" alt=\"\" \/>\u00a0<\/td>\r\n<td><a href=\"\/wp-content\/uploads\/2022\/05\/gyujtokori_szabalyzat.pdf\" target=\"_blank\" rel=\"noreferrer noopener\">Regulation of library collection (Hungarian)<\/a>\u00a0<\/td>\r\n<\/tr>\r\n<\/tbody>\r\n<\/table>\r\n<\/figure>","protected":false},"excerpt":{"rendered":"<p>SZAB\u00c1LYZATOK K\u00fcldet\u00e9snyilatkozat \u00a0 K\u00f6nyvt\u00e1rhaszn\u00e1lati Szab\u00e1lyzat (teljes) \u00a0 K\u00f6nyvt\u00e1rhaszn\u00e1lati Szab\u00e1lyzat (r\u00f6vid\u00edtett)\u00a0 \u00a0 Gy\u0171jt\u0151k\u00f6ri Szab\u00e1lyzat\u00a0<\/p>","protected":false},"author":1,"featured_media":0,"parent":0,"menu_order":0,"comment_status":"closed","ping_status":"closed","template":"","meta":{"_uag_custom_page_level_css":"","footnotes":""},"class_list":["post-188","page","type-page","status-publish","hentry"],"uagb_featured_image_src":{"full":false,"thumbnail":false,"medium":false,"medium_large":false,"large":false,"news_plugin_small":false,"tf-client-image-size":false,"1536x1536":false,"2048x2048":false,"trp-custom-language-flag":false,"post-thumbnail":false,"idolcorp-full-width":false,"idolcorp-ourfeatures-thumb":false,"idolcorp-mediumblog-thumb":false},"uagb_author_info":{"display_name":"admin","author_link":"http:\/\/konyvtar-kvik.uni-bge.hu\/en\/author\/admin\/"},"uagb_comment_info":0,"uagb_excerpt":"SZAB\u00c1LYZATOK K\u00fcldet\u00e9snyilatkozat \u00a0 K\u00f6nyvt\u00e1rhaszn\u00e1lati Szab\u00e1lyzat (teljes) \u00a0 K\u00f6nyvt\u00e1rhaszn\u00e1lati Szab\u00e1lyzat (r\u00f6vid\u00edtett)\u00a0 \u00a0 Gy\u0171jt\u0151k\u00f6ri Szab\u00e1lyzat\u00a0","_links":{"self":[{"href":"http:\/\/konyvtar-kvik.uni-bge.hu\/en\/wp-json\/wp\/v2\/pages\/188","targetHints":{"allow":["GET"]}}],"collection":[{"href":"http:\/\/konyvtar-kvik.uni-bge.hu\/en\/wp-json\/wp\/v2\/pages"}],"about":[{"href":"http:\/\/konyvtar-kvik.uni-bge.hu\/en\/wp-json\/wp\/v2\/types\/page"}],"author":[{"embeddable":true,"href":"http:\/\/konyvtar-kvik.uni-bge.hu\/en\/wp-json\/wp\/v2\/users\/1"}],"replies":[{"embeddable":true,"href":"http:\/\/konyvtar-kvik.uni-bge.hu\/en\/wp-json\/wp\/v2\/comments?post=188"}],"version-history":[{"count":10,"href":"http:\/\/konyvtar-kvik.uni-bge.hu\/en\/wp-json\/wp\/v2\/pages\/188\/revisions"}],"predecessor-version":[{"id":2136,"href":"http:\/\/konyvtar-kvik.uni-bge.hu\/en\/wp-json\/wp\/v2\/pages\/188\/revisions\/2136"}],"wp:attachment":[{"href":"http:\/\/konyvtar-kvik.uni-bge.hu\/en\/wp-json\/wp\/v2\/media?parent=188"}],"curies":[{"name":"wp","href":"https:\/\/api.w.org\/{rel}","templated":true}]}}