{"id":1652,"date":"2024-05-10T14:15:58","date_gmt":"2024-05-10T12:15:58","guid":{"rendered":"https:\/\/konyvtar-kvik.uni-bge.hu\/?page_id=1652"},"modified":"2024-08-30T11:56:01","modified_gmt":"2024-08-30T09:56:01","slug":"munkatervek-beszamolok","status":"publish","type":"page","link":"http:\/\/konyvtar-kvik.uni-bge.hu\/en\/munkatervek-beszamolok\/","title":{"rendered":"Work plans, reports"},"content":{"rendered":"<p class=\"has-text-align-center\"><strong>Munkatervek<\/strong><\/p>\n\n\n\n<figure class=\"wp-block-table\"><table><tbody><tr><td><img decoding=\"async\" width=\"16\" height=\"16\" class=\"wp-image-313\" style=\"width: 16px;\" src=\"https:\/\/konyvtar-kvik.uni-bge.hu\/wp-content\/uploads\/2022\/05\/pdf.jpg\" alt=\"\"><\/td><td><a href=\"\/wp-content\/uploads\/2024\/05\/BGE-KVIK-Kari-Konyvtar-munkaterv-2023.pdf\"><mark style=\"background-color:rgba(0, 0, 0, 0)\" class=\"has-inline-color has-vivid-cyan-blue-color\">Munkaterv 2023<\/mark><\/a><\/td><\/tr><tr><td><img decoding=\"async\" width=\"16\" height=\"16\" class=\"wp-image-313\" style=\"width: 16px;\" src=\"https:\/\/konyvtar-kvik.uni-bge.hu\/wp-content\/uploads\/2022\/05\/pdf.jpg\" alt=\"\"><\/td><td><a href=\"\/wp-content\/uploads\/2024\/05\/BGE-KVIK-Kari-Konyvtar-munkaterv-2024.pdf\"><mark style=\"background-color:rgba(0, 0, 0, 0)\" class=\"has-inline-color has-vivid-cyan-blue-color\">Munkaterv 2024<\/mark><\/a><\/td><\/tr><\/tbody><\/table><\/figure>\n\n\n\n<p class=\"has-text-align-center\"><strong>Besz\u00e1mol\u00f3k<\/strong><\/p>\n\n\n\n<figure class=\"wp-block-table\"><table><tbody><tr><td><img decoding=\"async\" width=\"16\" height=\"16\" class=\"wp-image-313\" style=\"width: 16px;\" src=\"https:\/\/konyvtar-kvik.uni-bge.hu\/wp-content\/uploads\/2022\/05\/pdf.jpg\" alt=\"\"><\/td><td><a href=\"\/wp-content\/uploads\/2024\/05\/kari_2020.pdf\"><mark style=\"background-color:rgba(0, 0, 0, 0)\" class=\"has-inline-color has-vivid-cyan-blue-color\">Besz\u00e1mol\u00f3 2020<\/mark><\/a><\/td><\/tr><tr><td><img decoding=\"async\" width=\"16\" height=\"16\" class=\"wp-image-313\" style=\"width: 16px;\" src=\"https:\/\/konyvtar-kvik.uni-bge.hu\/wp-content\/uploads\/2022\/05\/pdf.jpg\" alt=\"\"><\/td><td><a href=\"\/wp-content\/uploads\/2024\/05\/kari_2021.pdf\"><mark style=\"background-color:rgba(0, 0, 0, 0)\" class=\"has-inline-color has-vivid-cyan-blue-color\">Besz\u00e1mol\u00f3 2021<\/mark><\/a><\/td><\/tr><tr><td><img decoding=\"async\" width=\"16\" height=\"16\" class=\"wp-image-313\" style=\"width: 16px;\" src=\"https:\/\/konyvtar-kvik.uni-bge.hu\/wp-content\/uploads\/2022\/05\/pdf.jpg\" alt=\"\"><\/td><td><a href=\"\/wp-content\/uploads\/2024\/05\/kari_2022.pdf\"><mark style=\"background-color:rgba(0, 0, 0, 0)\" class=\"has-inline-color has-vivid-cyan-blue-color\">Besz\u00e1mol\u00f3 2022<\/mark><\/a><\/td><\/tr><tr><td><img decoding=\"async\" width=\"16\" height=\"16\" class=\"wp-image-313\" style=\"width: 16px;\" src=\"https:\/\/konyvtar-kvik.uni-bge.hu\/wp-content\/uploads\/2022\/05\/pdf.jpg\" alt=\"\"><\/td><td><a href=\"\/wp-content\/uploads\/2024\/05\/kari_2023.pdf\"><mark style=\"background-color:rgba(0, 0, 0, 0)\" class=\"has-inline-color has-vivid-cyan-blue-color\">Besz\u00e1mol\u00f3 2023<\/mark><\/a><\/td><\/tr><\/tbody><\/table><\/figure>\n\n\n\n<p class=\"has-text-align-center\"><strong><mark style=\"background-color:rgba(0, 0, 0, 0)\" class=\"has-inline-color has-vivid-red-color\">Az Idegenforgalmi szakk\u00f6nyvt\u00e1r munkatervei \u00e9s besz\u00e1mol\u00f3i<\/mark><\/strong><\/p>\n\n\n\n<p class=\"has-text-align-center\"><strong>Munkatervek<\/strong><\/p>\n\n\n\n<figure class=\"wp-block-table\"><table><tbody><tr><td><img decoding=\"async\" width=\"16\" height=\"16\" class=\"wp-image-313\" style=\"width: 16px;\" src=\"https:\/\/konyvtar-kvik.uni-bge.hu\/wp-content\/uploads\/2022\/05\/pdf.jpg\" alt=\"\"><\/td><td><a href=\"\/wp-content\/uploads\/2024\/08\/BGE-KVIK-Idegenforgalmi-Szakkonyvtar-munkaterv-2023.pdf\"><mark style=\"background-color:rgba(0, 0, 0, 0)\" class=\"has-inline-color has-vivid-cyan-blue-color\">Munkaterv 2023<\/mark><\/a><\/td><\/tr><tr><td><img decoding=\"async\" width=\"16\" height=\"16\" class=\"wp-image-313\" style=\"width: 16px;\" src=\"https:\/\/konyvtar-kvik.uni-bge.hu\/wp-content\/uploads\/2022\/05\/pdf.jpg\" alt=\"\"><\/td><td><a href=\"\/wp-content\/uploads\/2024\/08\/BGE-KVIK-Idegenforgalmi-Szakkonyvtar-munkaterv-2024.pdf\"><mark style=\"background-color:rgba(0, 0, 0, 0)\" class=\"has-inline-color has-vivid-cyan-blue-color\">Munkaterv 2024<\/mark><\/a><\/td><\/tr><\/tbody><\/table><\/figure>\n\n\n\n<p class=\"has-text-align-center\"><strong>Besz\u00e1mol\u00f3k<\/strong><\/p>\n\n\n\n<figure class=\"wp-block-table\"><table><tbody><tr><td><img decoding=\"async\" width=\"16\" height=\"16\" class=\"wp-image-313\" style=\"width: 16px;\" src=\"https:\/\/konyvtar-kvik.uni-bge.hu\/wp-content\/uploads\/2022\/05\/pdf.jpg\" alt=\"\"><\/td><td><a href=\"\/wp-content\/uploads\/2024\/08\/Beszamolo-ifo_2020.pdf\"><mark style=\"background-color:rgba(0, 0, 0, 0)\" class=\"has-inline-color has-vivid-cyan-blue-color\">Besz\u00e1mol\u00f3 2020<\/mark><\/a><\/td><\/tr><tr><td><img decoding=\"async\" width=\"16\" height=\"16\" class=\"wp-image-313\" style=\"width: 16px;\" src=\"https:\/\/konyvtar-kvik.uni-bge.hu\/wp-content\/uploads\/2022\/05\/pdf.jpg\" alt=\"\"><\/td><td><a href=\"\/wp-content\/uploads\/2024\/08\/Beszamolo-ifo_2021.pdf\"><mark style=\"background-color:rgba(0, 0, 0, 0)\" class=\"has-inline-color has-vivid-cyan-blue-color\">Besz\u00e1mol\u00f3 2021<\/mark><\/a><\/td><\/tr><tr><td><img decoding=\"async\" width=\"16\" height=\"16\" class=\"wp-image-313\" style=\"width: 16px;\" src=\"https:\/\/konyvtar-kvik.uni-bge.hu\/wp-content\/uploads\/2022\/05\/pdf.jpg\" alt=\"\"><\/td><td><a href=\"\/wp-content\/uploads\/2024\/08\/Beszamolo-ifo2022.pdf\"><mark style=\"background-color:rgba(0, 0, 0, 0)\" class=\"has-inline-color has-vivid-cyan-blue-color\">Besz\u00e1mol\u00f3 2022<\/mark><\/a><\/td><\/tr><tr><td><img decoding=\"async\" width=\"16\" height=\"16\" class=\"wp-image-313\" style=\"width: 16px;\" src=\"https:\/\/konyvtar-kvik.uni-bge.hu\/wp-content\/uploads\/2022\/05\/pdf.jpg\" alt=\"\"><\/td><td><a href=\"\/wp-content\/uploads\/2024\/08\/Beszamolo-ifo2023.pdf\"><mark style=\"background-color:rgba(0, 0, 0, 0)\" class=\"has-inline-color has-vivid-cyan-blue-color\">Besz\u00e1mol\u00f3 2023<\/mark><\/a><\/td><\/tr><\/tbody><\/table><\/figure>","protected":false},"excerpt":{"rendered":"<p>Munkatervek Munkaterv 2023Munkaterv 2024 Besz\u00e1mol\u00f3k Besz\u00e1mol\u00f3 2020Besz\u00e1mol\u00f3 2021Besz\u00e1mol\u00f3 2022Besz\u00e1mol\u00f3 2023 Az Idegenforgalmi szakk\u00f6nyvt\u00e1r munkatervei \u00e9s besz\u00e1mol\u00f3i Munkatervek Munkaterv 2023Munkaterv 2024 Besz\u00e1mol\u00f3k Besz\u00e1mol\u00f3 2020Besz\u00e1mol\u00f3 2021Besz\u00e1mol\u00f3 2022Besz\u00e1mol\u00f3 2023<\/p>","protected":false},"author":1,"featured_media":0,"parent":0,"menu_order":0,"comment_status":"closed","ping_status":"closed","template":"","meta":{"_uag_custom_page_level_css":"","footnotes":""},"class_list":["post-1652","page","type-page","status-publish","hentry"],"uagb_featured_image_src":{"full":false,"thumbnail":false,"medium":false,"medium_large":false,"large":false,"news_plugin_small":false,"tf-client-image-size":false,"1536x1536":false,"2048x2048":false,"trp-custom-language-flag":false,"post-thumbnail":false,"idolcorp-full-width":false,"idolcorp-ourfeatures-thumb":false,"idolcorp-mediumblog-thumb":false},"uagb_author_info":{"display_name":"admin","author_link":"http:\/\/konyvtar-kvik.uni-bge.hu\/en\/author\/admin\/"},"uagb_comment_info":0,"uagb_excerpt":"Munkatervek Munkaterv 2023Munkaterv 2024 Besz\u00e1mol\u00f3k Besz\u00e1mol\u00f3 2020Besz\u00e1mol\u00f3 2021Besz\u00e1mol\u00f3 2022Besz\u00e1mol\u00f3 2023 Az Idegenforgalmi szakk\u00f6nyvt\u00e1r munkatervei \u00e9s besz\u00e1mol\u00f3i Munkatervek Munkaterv 2023Munkaterv 2024 Besz\u00e1mol\u00f3k Besz\u00e1mol\u00f3 2020Besz\u00e1mol\u00f3 2021Besz\u00e1mol\u00f3 2022Besz\u00e1mol\u00f3 2023","_links":{"self":[{"href":"http:\/\/konyvtar-kvik.uni-bge.hu\/en\/wp-json\/wp\/v2\/pages\/1652","targetHints":{"allow":["GET"]}}],"collection":[{"href":"http:\/\/konyvtar-kvik.uni-bge.hu\/en\/wp-json\/wp\/v2\/pages"}],"about":[{"href":"http:\/\/konyvtar-kvik.uni-bge.hu\/en\/wp-json\/wp\/v2\/types\/page"}],"author":[{"embeddable":true,"href":"http:\/\/konyvtar-kvik.uni-bge.hu\/en\/wp-json\/wp\/v2\/users\/1"}],"replies":[{"embeddable":true,"href":"http:\/\/konyvtar-kvik.uni-bge.hu\/en\/wp-json\/wp\/v2\/comments?post=1652"}],"version-history":[{"count":11,"href":"http:\/\/konyvtar-kvik.uni-bge.hu\/en\/wp-json\/wp\/v2\/pages\/1652\/revisions"}],"predecessor-version":[{"id":1963,"href":"http:\/\/konyvtar-kvik.uni-bge.hu\/en\/wp-json\/wp\/v2\/pages\/1652\/revisions\/1963"}],"wp:attachment":[{"href":"http:\/\/konyvtar-kvik.uni-bge.hu\/en\/wp-json\/wp\/v2\/media?parent=1652"}],"curies":[{"name":"wp","href":"https:\/\/api.w.org\/{rel}","templated":true}]}}