{"id":165,"date":"2022-05-12T08:49:45","date_gmt":"2022-05-12T08:49:45","guid":{"rendered":"http:\/\/local.konyvtar\/?page_id=165"},"modified":"2022-10-12T13:37:31","modified_gmt":"2022-10-12T11:37:31","slug":"vpn-hozzaferes-vpn-access","status":"publish","type":"page","link":"http:\/\/konyvtar-kvik.uni-bge.hu\/en\/vpn-hozzaferes-vpn-access\/","title":{"rendered":"VPN access"},"content":{"rendered":"<p><strong>VPN REMOTE ACCESS<\/strong><\/p>\n\n\n\n<p><a rel=\"noreferrer noopener\" href=\"https:\/\/uni-bge.hu\/en\/create-a-vpn-connection-to-databases-subscribed-by-central-library?fbclid=IwAR0TCt8X77A6kopIcNN5_XqMVF4csOVmqtbwJFp828RWyy1YzmjtS3l1Kx0\" target=\"_blank\"><mark style=\"background-color:rgba(0, 0, 0, 0)\" class=\"has-inline-color has-vivid-cyan-blue-color\">Guide to creating a VPN connection to the databases.<\/mark><\/a>\u00a0VPN (virtual private network) is required for remote access to the databases.<\/p>","protected":false},"excerpt":{"rendered":"<p>VPN T\u00c1VOLI HOZZ\u00c1F\u00c9R\u00c9S \u00datmutat\u00f3 a VPN kapcsolat l\u00e9trehoz\u00e1s\u00e1hoz ezen a linken.\u00a0Az adatb\u00e1zisok t\u00e1voli el\u00e9r\u00e9s\u00e9hez VPN (virtual private network) kapcsolatra van sz\u00fcks\u00e9g.<\/p>","protected":false},"author":1,"featured_media":0,"parent":0,"menu_order":0,"comment_status":"closed","ping_status":"closed","template":"","meta":{"_uag_custom_page_level_css":"","footnotes":""},"class_list":["post-165","page","type-page","status-publish","hentry"],"uagb_featured_image_src":{"full":false,"thumbnail":false,"medium":false,"medium_large":false,"large":false,"news_plugin_small":false,"tf-client-image-size":false,"1536x1536":false,"2048x2048":false,"trp-custom-language-flag":false,"post-thumbnail":false,"idolcorp-full-width":false,"idolcorp-ourfeatures-thumb":false,"idolcorp-mediumblog-thumb":false},"uagb_author_info":{"display_name":"admin","author_link":"http:\/\/konyvtar-kvik.uni-bge.hu\/en\/author\/admin\/"},"uagb_comment_info":0,"uagb_excerpt":"VPN T\u00c1VOLI HOZZ\u00c1F\u00c9R\u00c9S \u00datmutat\u00f3 a VPN kapcsolat l\u00e9trehoz\u00e1s\u00e1hoz ezen a linken.\u00a0Az adatb\u00e1zisok t\u00e1voli el\u00e9r\u00e9s\u00e9hez VPN (virtual private network) kapcsolatra van sz\u00fcks\u00e9g.","_links":{"self":[{"href":"http:\/\/konyvtar-kvik.uni-bge.hu\/en\/wp-json\/wp\/v2\/pages\/165","targetHints":{"allow":["GET"]}}],"collection":[{"href":"http:\/\/konyvtar-kvik.uni-bge.hu\/en\/wp-json\/wp\/v2\/pages"}],"about":[{"href":"http:\/\/konyvtar-kvik.uni-bge.hu\/en\/wp-json\/wp\/v2\/types\/page"}],"author":[{"embeddable":true,"href":"http:\/\/konyvtar-kvik.uni-bge.hu\/en\/wp-json\/wp\/v2\/users\/1"}],"replies":[{"embeddable":true,"href":"http:\/\/konyvtar-kvik.uni-bge.hu\/en\/wp-json\/wp\/v2\/comments?post=165"}],"version-history":[{"count":5,"href":"http:\/\/konyvtar-kvik.uni-bge.hu\/en\/wp-json\/wp\/v2\/pages\/165\/revisions"}],"predecessor-version":[{"id":920,"href":"http:\/\/konyvtar-kvik.uni-bge.hu\/en\/wp-json\/wp\/v2\/pages\/165\/revisions\/920"}],"wp:attachment":[{"href":"http:\/\/konyvtar-kvik.uni-bge.hu\/en\/wp-json\/wp\/v2\/media?parent=165"}],"curies":[{"name":"wp","href":"https:\/\/api.w.org\/{rel}","templated":true}]}}