{"id":163,"date":"2022-05-12T08:49:11","date_gmt":"2022-05-12T08:49:11","guid":{"rendered":"http:\/\/local.konyvtar\/?page_id=163"},"modified":"2025-02-19T13:00:55","modified_gmt":"2025-02-19T12:00:55","slug":"adatbazis-bemutato-database-presentation","status":"publish","type":"page","link":"http:\/\/konyvtar-kvik.uni-bge.hu\/en\/adatbazis-bemutato-database-presentation\/","title":{"rendered":"Database presentation"},"content":{"rendered":"<p>A <strong>Hungarian<\/strong> video about the use of databases is available\u00a0<a href=\"\/wp-content\/uploads\/magyar_adatbazis_bemutato_2025_2.mp4\" target=\"_blank\" rel=\"noreferrer noopener\"><mark class=\"has-inline-color has-vivid-cyan-blue-color\" style=\"background-color: rgba(0, 0, 0, 0);\">on this link.<\/mark><\/a><\/p>\r\n\r\n\r\n\r\n<p>An <strong>English<\/strong> video about the use of databases is available <a href=\"\/wp-content\/uploads\/english database presentation 2025 2.mp4\"><mark class=\"has-inline-color has-vivid-cyan-blue-color\" style=\"background-color: rgba(0, 0, 0, 0);\">on this link.<\/mark><\/a><\/p>\r\n\r\n\r\n\r\n<p>A <strong>Hungarian<\/strong> presentation about the use of databases is available\u00a0<a href=\"\/wp-content\/uploads\/2025\/02\/adatbazisbemutato_KVIK_20250205.pptx\"><mark class=\"has-inline-color has-vivid-cyan-blue-color\" style=\"background-color: rgba(0, 0, 0, 0);\">on this link.<\/mark><\/a><\/p>\r\n\r\n\r\n\r\n<p>An\u00a0<strong>English<\/strong>\u00a0presentation about the use of databases is available <a href=\"\/wp-content\/uploads\/2025\/02\/adatbazisbemutato_KVIK_EN_20250206.pptx\"><mark class=\"has-inline-color has-vivid-cyan-blue-color\" style=\"background-color: rgba(0, 0, 0, 0);\">on this link.<\/mark><\/a><\/p>\r\n\r\n\r\n\r\n<p>A <strong>Hungarian<\/strong> outline of the lesson is available\u00a0<a href=\"\/wp-content\/uploads\/2025\/01\/AB_handout_20250124_hu.docx\" target=\"_blank\" rel=\"noreferrer noopener\"><mark class=\"has-inline-color has-vivid-cyan-blue-color\" style=\"background-color: rgba(0, 0, 0, 0);\">here.<\/mark><\/a><\/p>\r\n\r\n\r\n\r\n<p>An\u00a0<strong>English<\/strong>\u00a0outline of the lesson is available<mark class=\"has-inline-color has-vivid-cyan-blue-color\" style=\"background-color: rgba(0, 0, 0, 0);\"> <\/mark><a href=\"\/wp-content\/uploads\/2025\/01\/AB_handout_20250124_en_bueb.docx\"><mark class=\"has-inline-color has-vivid-cyan-blue-color\" style=\"background-color: rgba(0, 0, 0, 0);\">here.<\/mark><\/a><\/p>","protected":false},"excerpt":{"rendered":"<p>Az adatb\u00e1zis-bemutat\u00f3 vide\u00f3ja el\u00e9rhet\u0151\u00a0ezen a linken. An English video about the use of databases is available on this link. Az adatb\u00e1zis-bemutat\u00f3 prezent\u00e1ci\u00f3ja el\u00e9rhet\u0151\u00a0ezen a linken. An\u00a0English\u00a0presentation about the use of databases is available on this link. Az \u00f3ra v\u00e1zlata pedig\u00a0itt \u00e9rhet\u0151 el. An\u00a0English\u00a0outline of the lesson is available here.<\/p>","protected":false},"author":1,"featured_media":0,"parent":0,"menu_order":0,"comment_status":"closed","ping_status":"closed","template":"","meta":{"_uag_custom_page_level_css":"","footnotes":""},"class_list":["post-163","page","type-page","status-publish","hentry"],"uagb_featured_image_src":{"full":false,"thumbnail":false,"medium":false,"medium_large":false,"large":false,"news_plugin_small":false,"tf-client-image-size":false,"1536x1536":false,"2048x2048":false,"trp-custom-language-flag":false,"post-thumbnail":false,"idolcorp-full-width":false,"idolcorp-ourfeatures-thumb":false,"idolcorp-mediumblog-thumb":false},"uagb_author_info":{"display_name":"admin","author_link":"http:\/\/konyvtar-kvik.uni-bge.hu\/en\/author\/admin\/"},"uagb_comment_info":0,"uagb_excerpt":"Az adatb\u00e1zis-bemutat\u00f3 vide\u00f3ja el\u00e9rhet\u0151\u00a0ezen a linken. An English video about the use of databases is available on this link. Az adatb\u00e1zis-bemutat\u00f3 prezent\u00e1ci\u00f3ja el\u00e9rhet\u0151\u00a0ezen a linken. An\u00a0English\u00a0presentation about the use of databases is available on this link. Az \u00f3ra v\u00e1zlata pedig\u00a0itt \u00e9rhet\u0151 el. An\u00a0English\u00a0outline of the lesson is available here.","_links":{"self":[{"href":"http:\/\/konyvtar-kvik.uni-bge.hu\/en\/wp-json\/wp\/v2\/pages\/163","targetHints":{"allow":["GET"]}}],"collection":[{"href":"http:\/\/konyvtar-kvik.uni-bge.hu\/en\/wp-json\/wp\/v2\/pages"}],"about":[{"href":"http:\/\/konyvtar-kvik.uni-bge.hu\/en\/wp-json\/wp\/v2\/types\/page"}],"author":[{"embeddable":true,"href":"http:\/\/konyvtar-kvik.uni-bge.hu\/en\/wp-json\/wp\/v2\/users\/1"}],"replies":[{"embeddable":true,"href":"http:\/\/konyvtar-kvik.uni-bge.hu\/en\/wp-json\/wp\/v2\/comments?post=163"}],"version-history":[{"count":29,"href":"http:\/\/konyvtar-kvik.uni-bge.hu\/en\/wp-json\/wp\/v2\/pages\/163\/revisions"}],"predecessor-version":[{"id":2174,"href":"http:\/\/konyvtar-kvik.uni-bge.hu\/en\/wp-json\/wp\/v2\/pages\/163\/revisions\/2174"}],"wp:attachment":[{"href":"http:\/\/konyvtar-kvik.uni-bge.hu\/en\/wp-json\/wp\/v2\/media?parent=163"}],"curies":[{"name":"wp","href":"https:\/\/api.w.org\/{rel}","templated":true}]}}