{"id":161,"date":"2022-05-12T08:48:22","date_gmt":"2022-05-12T08:48:22","guid":{"rendered":"http:\/\/local.konyvtar\/?page_id=161"},"modified":"2022-10-12T13:46:28","modified_gmt":"2022-10-12T11:46:28","slug":"web-of-science","status":"publish","type":"page","link":"http:\/\/konyvtar-kvik.uni-bge.hu\/en\/web-of-science\/","title":{"rendered":"Web of Science"},"content":{"rendered":"<p><strong>WEB OF SCIENCE<\/strong><\/p>\n\n\n\n<p>Web of Science (WoS) is the bibliographic database of the Institute for Scientific Information (ISI). It provides access to multidisciplinary information with over 12,000 prestigious and high impact factor journals, both current and retrospective. The Web of Science offers a unique method of searching for quoted works.<\/p>\n\n\n\n<p><br><a rel=\"noreferrer noopener\" href=\"http:\/\/apps.webofknowledge.com\/\" target=\"_blank\"><mark style=\"background-color:rgba(0, 0, 0, 0)\" class=\"has-inline-color has-vivid-cyan-blue-color\">Enter the database<\/mark><\/a>\u00a0(access from University computers or VPN remote access)<\/p>","protected":false},"excerpt":{"rendered":"<p>WEB OF SCIENCE A Web of Science (WoS) az ISI (Institute for Scientific Information) bibliogr\u00e1fiai adatb\u00e1zisa. T\u00f6bb mint 12000 tekint\u00e9lyes \u00e9s magas impakt faktor\u00fa foly\u00f3irat seg\u00edts\u00e9g\u00e9vel biztos\u00edt hozz\u00e1f\u00e9r\u00e9st multidiszciplin\u00e1ris inform\u00e1ci\u00f3khoz, aktu\u00e1lisan \u00e9s visszamen\u0151legesen is. A Web of Science egyedi keres\u00e9si m\u00f3dszert, az id\u00e9zett m\u0171vek keres\u00e9s\u00e9nek lehet\u0151s\u00e9g\u00e9t k\u00edn\u00e1lja. Bel\u00e9p\u00e9s az adatb\u00e1zisba\u00a0(el\u00e9r\u00e9s az Egyetem g\u00e9peir\u0151l, vagy VPN t\u00e1voli hozz\u00e1f\u00e9r\u00e9ssel)<\/p>","protected":false},"author":1,"featured_media":0,"parent":0,"menu_order":0,"comment_status":"closed","ping_status":"closed","template":"","meta":{"_uag_custom_page_level_css":"","footnotes":""},"class_list":["post-161","page","type-page","status-publish","hentry"],"uagb_featured_image_src":{"full":false,"thumbnail":false,"medium":false,"medium_large":false,"large":false,"news_plugin_small":false,"tf-client-image-size":false,"1536x1536":false,"2048x2048":false,"trp-custom-language-flag":false,"post-thumbnail":false,"idolcorp-full-width":false,"idolcorp-ourfeatures-thumb":false,"idolcorp-mediumblog-thumb":false},"uagb_author_info":{"display_name":"admin","author_link":"http:\/\/konyvtar-kvik.uni-bge.hu\/en\/author\/admin\/"},"uagb_comment_info":0,"uagb_excerpt":"WEB OF SCIENCE A Web of Science (WoS) az ISI (Institute for Scientific Information) bibliogr\u00e1fiai adatb\u00e1zisa. T\u00f6bb mint 12000 tekint\u00e9lyes \u00e9s magas impakt faktor\u00fa foly\u00f3irat seg\u00edts\u00e9g\u00e9vel biztos\u00edt hozz\u00e1f\u00e9r\u00e9st multidiszciplin\u00e1ris inform\u00e1ci\u00f3khoz, aktu\u00e1lisan \u00e9s visszamen\u0151legesen is. A Web of Science egyedi keres\u00e9si m\u00f3dszert, az id\u00e9zett m\u0171vek keres\u00e9s\u00e9nek lehet\u0151s\u00e9g\u00e9t k\u00edn\u00e1lja. Bel\u00e9p\u00e9s az adatb\u00e1zisba\u00a0(el\u00e9r\u00e9s az Egyetem g\u00e9peir\u0151l, vagy VPN&hellip;","_links":{"self":[{"href":"http:\/\/konyvtar-kvik.uni-bge.hu\/en\/wp-json\/wp\/v2\/pages\/161","targetHints":{"allow":["GET"]}}],"collection":[{"href":"http:\/\/konyvtar-kvik.uni-bge.hu\/en\/wp-json\/wp\/v2\/pages"}],"about":[{"href":"http:\/\/konyvtar-kvik.uni-bge.hu\/en\/wp-json\/wp\/v2\/types\/page"}],"author":[{"embeddable":true,"href":"http:\/\/konyvtar-kvik.uni-bge.hu\/en\/wp-json\/wp\/v2\/users\/1"}],"replies":[{"embeddable":true,"href":"http:\/\/konyvtar-kvik.uni-bge.hu\/en\/wp-json\/wp\/v2\/comments?post=161"}],"version-history":[{"count":3,"href":"http:\/\/konyvtar-kvik.uni-bge.hu\/en\/wp-json\/wp\/v2\/pages\/161\/revisions"}],"predecessor-version":[{"id":939,"href":"http:\/\/konyvtar-kvik.uni-bge.hu\/en\/wp-json\/wp\/v2\/pages\/161\/revisions\/939"}],"wp:attachment":[{"href":"http:\/\/konyvtar-kvik.uni-bge.hu\/en\/wp-json\/wp\/v2\/media?parent=161"}],"curies":[{"name":"wp","href":"https:\/\/api.w.org\/{rel}","templated":true}]}}