{"id":1363,"date":"2023-07-07T09:27:24","date_gmt":"2023-07-07T07:27:24","guid":{"rendered":"http:\/\/konyvtar-kvik.uni-bge.hu\/?page_id=1363"},"modified":"2024-12-18T11:57:47","modified_gmt":"2024-12-18T10:57:47","slug":"kiadvanyaink","status":"publish","type":"page","link":"http:\/\/konyvtar-kvik.uni-bge.hu\/en\/kiadvanyaink\/","title":{"rendered":"Our publications"},"content":{"rendered":"<figure class=\"wp-block-table\"><table><tbody><tr><td><img fetchpriority=\"high\" decoding=\"async\" width=\"5000\" height=\"7138\" class=\"wp-image-2087\" style=\"width: 5000px;\" src=\"https:\/\/konyvtar-kvik.uni-bge.hu\/wp-content\/uploads\/2024\/12\/borito.jpg\" alt=\"\" srcset=\"http:\/\/konyvtar-kvik.uni-bge.hu\/wp-content\/uploads\/2024\/12\/borito.jpg 304w, http:\/\/konyvtar-kvik.uni-bge.hu\/wp-content\/uploads\/2024\/12\/borito-300x428.jpg 300w, http:\/\/konyvtar-kvik.uni-bge.hu\/wp-content\/uploads\/2024\/12\/borito-8x12.jpg 8w\" sizes=\"(max-width: 5000px) 100vw, 5000px\" \/><\/td><td class=\"has-text-align-left\" data-align=\"left\"><br><br><strong>MUTASD MEG A ST\u00cdLUSOD<\/strong>!<br><br>2024-es novellap\u00e1ly\u00e1zatunkban csokorba gy\u0171jt\u00f6tt\u00fck a hallgat\u00f3k \u00e9s munkat\u00e1rsak \u00e1ltal bek\u00fcld\u00f6tt m\u0171veket.<br><br><a href=\"\/wp-content\/uploads\/2024\/12\/Mutasd-meg-a-stilusod.pdf\"><mark style=\"background-color:rgba(0, 0, 0, 0)\" class=\"has-inline-color has-vivid-cyan-blue-color\">Az olvas\u00e1shoz kattints IDE!<\/mark><\/a><br><br><\/td><\/tr><tr><td><img decoding=\"async\" width=\"5000\" height=\"7125\" class=\"wp-image-1365\" style=\"width: 5000px;\" src=\"http:\/\/konyvtar-kvik.uni-bge.hu\/wp-content\/uploads\/2023\/07\/Petofi200-kepe.jpg\" alt=\"\" srcset=\"http:\/\/konyvtar-kvik.uni-bge.hu\/wp-content\/uploads\/2023\/07\/Petofi200-kepe.jpg 567w, http:\/\/konyvtar-kvik.uni-bge.hu\/wp-content\/uploads\/2023\/07\/Petofi200-kepe-300x428.jpg 300w, http:\/\/konyvtar-kvik.uni-bge.hu\/wp-content\/uploads\/2023\/07\/Petofi200-kepe-8x12.jpg 8w\" sizes=\"(max-width: 5000px) 100vw, 5000px\" \/>                                                                                      <\/td><td class=\"has-text-align-left\" data-align=\"left\"><br><strong>PET\u0150FI200 ALBUM<\/strong><br><br>Students and teachers of Budapest Business School have amanded to this album their translations, literary and artistic works to commemorate S\u00e1ndor Pet\u0151fi's 200th anniversary in 2023.<br><br><a rel=\"noreferrer noopener\" href=\"https:\/\/issuu.com\/bgekvikkonyvtar\/docs\/pet_fi200_album\" target=\"_blank\"><mark style=\"background-color:rgba(0, 0, 0, 0)\" class=\"has-inline-color has-vivid-cyan-blue-color\">https:\/\/issuu.com\/bgekvikkonyvtar\/docs\/pet_fi200_album<\/mark><\/a><br><br><\/td><\/tr><tr><td><img decoding=\"async\" width=\"5000\" height=\"7073\" class=\"wp-image-1366\" style=\"width: 5000px;\" src=\"http:\/\/konyvtar-kvik.uni-bge.hu\/wp-content\/uploads\/2023\/07\/Adventi-fuzet-kepe.png\" alt=\"\" srcset=\"http:\/\/konyvtar-kvik.uni-bge.hu\/wp-content\/uploads\/2023\/07\/Adventi-fuzet-kepe.png 1587w, http:\/\/konyvtar-kvik.uni-bge.hu\/wp-content\/uploads\/2023\/07\/Adventi-fuzet-kepe-300x424.png 300w, http:\/\/konyvtar-kvik.uni-bge.hu\/wp-content\/uploads\/2023\/07\/Adventi-fuzet-kepe-1024x1449.png 1024w, http:\/\/konyvtar-kvik.uni-bge.hu\/wp-content\/uploads\/2023\/07\/Adventi-fuzet-kepe-768x1086.png 768w, http:\/\/konyvtar-kvik.uni-bge.hu\/wp-content\/uploads\/2023\/07\/Adventi-fuzet-kepe-1086x1536.png 1086w, http:\/\/konyvtar-kvik.uni-bge.hu\/wp-content\/uploads\/2023\/07\/Adventi-fuzet-kepe-1448x2048.png 1448w, http:\/\/konyvtar-kvik.uni-bge.hu\/wp-content\/uploads\/2023\/07\/Adventi-fuzet-kepe-8x12.png 8w\" sizes=\"(max-width: 5000px) 100vw, 5000px\" \/><\/td><td class=\"has-text-align-left\" data-align=\"left\"><strong>WAITING FOR CHRISTMAS<\/strong><br><br>A kar\u00e1csonyi \u00fcnnepk\u00f6rben a v\u00e1rakoz\u00e1sr\u00f3l osztottuk meg egym\u00e1ssal&nbsp;gondolatainkat, \u00e9rz\u00e9seinket 2022-ben.<br><br><a rel=\"noreferrer noopener\" href=\"https:\/\/issuu.com\/bgekvikkonyvtar\/docs\/adventi_f_zet_bge_kvik_2022\" target=\"_blank\"><mark style=\"background-color:rgba(0, 0, 0, 0)\" class=\"has-inline-color has-vivid-cyan-blue-color\">https:\/\/issuu.com\/bgekvikkonyvtar\/docs\/adventi_f_zet_bge_kvik_2022<\/mark><\/a><\/td><\/tr><tr><td><img loading=\"lazy\" decoding=\"async\" width=\"5000\" height=\"7975\" class=\"wp-image-1364\" style=\"width: 5000px;\" src=\"http:\/\/konyvtar-kvik.uni-bge.hu\/wp-content\/uploads\/2023\/07\/Szakacskonyv-kepe-scaled.jpg\" alt=\"\" srcset=\"http:\/\/konyvtar-kvik.uni-bge.hu\/wp-content\/uploads\/2023\/07\/Szakacskonyv-kepe-scaled.jpg 1605w, http:\/\/konyvtar-kvik.uni-bge.hu\/wp-content\/uploads\/2023\/07\/Szakacskonyv-kepe-300x479.jpg 300w, http:\/\/konyvtar-kvik.uni-bge.hu\/wp-content\/uploads\/2023\/07\/Szakacskonyv-kepe-1024x1634.jpg 1024w, http:\/\/konyvtar-kvik.uni-bge.hu\/wp-content\/uploads\/2023\/07\/Szakacskonyv-kepe-768x1225.jpg 768w, http:\/\/konyvtar-kvik.uni-bge.hu\/wp-content\/uploads\/2023\/07\/Szakacskonyv-kepe-963x1536.jpg 963w, http:\/\/konyvtar-kvik.uni-bge.hu\/wp-content\/uploads\/2023\/07\/Szakacskonyv-kepe-1284x2048.jpg 1284w, http:\/\/konyvtar-kvik.uni-bge.hu\/wp-content\/uploads\/2023\/07\/Szakacskonyv-kepe-8x12.jpg 8w\" sizes=\"(max-width: 5000px) 100vw, 5000px\" \/><\/td><td class=\"has-text-align-left\" data-align=\"left\"><strong>COMMUNITY COOKBOOK<\/strong><br><br>A BGE KVIK hallgat\u00f3inak \u00e9s munkat\u00e1rsainak&nbsp;a k\u00f6zeli \u00e9s kicsit t\u00e1volabbi m\u00faltb\u00f3l gy\u0171jt\u00f6tt&nbsp;csal\u00e1di receptjeivel lephett\u00fck meg egym\u00e1st 2020 kar\u00e1csony\u00e1n.&nbsp;Ezzel szerett\u00fcnk volna tisztelegni a Pro Gastronomia D\u00edj nyertesei el\u0151tt is.<br><br><a rel=\"noreferrer noopener\" href=\"https:\/\/issuu.com\/bgekvikkonyvtar\/docs\/karacsonyi_receptgyujtemeny\" target=\"_blank\"><mark style=\"background-color:rgba(0, 0, 0, 0)\" class=\"has-inline-color has-vivid-cyan-blue-color\">https:\/\/issuu.com\/bgekvikkonyvtar\/docs\/karacsonyi_receptgyujtemeny<\/mark><\/a><\/td><\/tr><tr><td><img decoding=\"async\" class=\"wp-image-1367\" style=\"width: 5000px;\" src=\"http:\/\/konyvtar-kvik.uni-bge.hu\/wp-content\/uploads\/2023\/07\/Zene-vilagnapja-kepe.jpg\" alt=\"\"><\/td><td class=\"has-text-align-left\" data-align=\"left\"><br><br><strong>MUSIC FOR ALL<\/strong><br><br>Szeretettel k\u00e9sz\u00edtette ezt a vide\u00f3\u00f6ssze\u00e1ll\u00edt\u00e1st tehets\u00e9ges hallgat\u00f3inkkal a Zene Vil\u00e1gnapja alkalm\u00e1b\u00f3l a&nbsp;MITO BGE KVIK&nbsp;\u00e9s a&nbsp;BGE KVIK Kari \u00e9s Elektronikus K\u00f6nyvt\u00e1r&nbsp;2020-ban.&nbsp;A zene \u00e9rz\u00e9seket fejez ki, amit dalban, zen\u00e9vel mondtak el mindannyiunknak.<br><br><a rel=\"noreferrer noopener\" href=\"https:\/\/www.facebook.com\/watch\/?v=951592845363504\" target=\"_blank\"><mark style=\"background-color:rgba(0, 0, 0, 0)\" class=\"has-inline-color has-vivid-cyan-blue-color\">https:\/\/www.facebook.com\/watch\/?v=951592845363504<\/mark><\/a><br><br><br><\/td><\/tr><\/tbody><\/table><\/figure>\n\n\n\n<p><\/p>","protected":false},"excerpt":{"rendered":"<p>MUTASD MEG A ST\u00cdLUSOD!2024-es novellap\u00e1ly\u00e1zatunkban csokorba gy\u0171jt\u00f6tt\u00fck a hallgat\u00f3k \u00e9s munkat\u00e1rsak \u00e1ltal bek\u00fcld\u00f6tt m\u0171veket.Az olvas\u00e1shoz kattints IDE! PET\u0150FI200 ALBUMA Budapesti Gazdas\u00e1gi Egyetem alkot\u00f3 kedv\u0171 polg\u00e1rainak Pet\u0151fi-ford\u00edt\u00e1saib\u00f3l, irodalmi, k\u00e9pz\u0151m\u0171v\u00e9szeti m\u0171veib\u0151l k\u00e9sz\u00edtette ezt az albumot a BGE KVIK Kari K\u00f6nyvt\u00e1r Pet\u0151fi S\u00e1ndor sz\u00fclet\u00e9s\u00e9nek 200. \u00e9vfordul\u00f3j\u00e1n 2023-ban.https:\/\/issuu.com\/bgekvikkonyvtar\/docs\/pet_fi200_albumV\u00c1RAKOZ\u00c1SA kar\u00e1csonyi \u00fcnnepk\u00f6rben a v\u00e1rakoz\u00e1sr\u00f3l osztottuk meg egym\u00e1ssal&nbsp;gondolatainkat, \u00e9rz\u00e9seinket 2022-ben.https:\/\/issuu.com\/bgekvikkonyvtar\/docs\/adventi_f_zet_bge_kvik_2022K\u00d6Z\u00d6SS\u00c9GI SZAK\u00c1CSK\u00d6NYVA BGE KVIK hallgat\u00f3inak \u00e9s munkat\u00e1rsainak&nbsp;a k\u00f6zeli \u00e9s kicsit t\u00e1volabbi m\u00faltb\u00f3l gy\u0171jt\u00f6tt&nbsp;csal\u00e1di receptjeivel lephett\u00fck meg egym\u00e1st 2020 kar\u00e1csony\u00e1n.&nbsp;Ezzel szerett\u00fcnk volna tisztelegni a Pro Gastronomia D\u00edj nyertesei el\u0151tt is.https:\/\/issuu.com\/bgekvikkonyvtar\/docs\/karacsonyi_receptgyujtemenyZENE MINDENKINEKSzeretettel k\u00e9sz\u00edtette ezt a&hellip;<\/p>","protected":false},"author":1,"featured_media":0,"parent":0,"menu_order":0,"comment_status":"closed","ping_status":"closed","template":"","meta":{"_uag_custom_page_level_css":"","footnotes":""},"class_list":["post-1363","page","type-page","status-publish","hentry"],"uagb_featured_image_src":{"full":false,"thumbnail":false,"medium":false,"medium_large":false,"large":false,"news_plugin_small":false,"tf-client-image-size":false,"1536x1536":false,"2048x2048":false,"trp-custom-language-flag":false,"post-thumbnail":false,"idolcorp-full-width":false,"idolcorp-ourfeatures-thumb":false,"idolcorp-mediumblog-thumb":false},"uagb_author_info":{"display_name":"admin","author_link":"http:\/\/konyvtar-kvik.uni-bge.hu\/en\/author\/admin\/"},"uagb_comment_info":0,"uagb_excerpt":"MUTASD MEG A ST\u00cdLUSOD!2024-es novellap\u00e1ly\u00e1zatunkban csokorba gy\u0171jt\u00f6tt\u00fck a hallgat\u00f3k \u00e9s munkat\u00e1rsak \u00e1ltal bek\u00fcld\u00f6tt m\u0171veket.Az olvas\u00e1shoz kattints IDE! PET\u0150FI200 ALBUMA Budapesti Gazdas\u00e1gi Egyetem alkot\u00f3 kedv\u0171 polg\u00e1rainak Pet\u0151fi-ford\u00edt\u00e1saib\u00f3l, irodalmi, k\u00e9pz\u0151m\u0171v\u00e9szeti m\u0171veib\u0151l k\u00e9sz\u00edtette ezt az albumot a BGE KVIK Kari K\u00f6nyvt\u00e1r Pet\u0151fi S\u00e1ndor sz\u00fclet\u00e9s\u00e9nek 200. \u00e9vfordul\u00f3j\u00e1n 2023-ban.https:\/\/issuu.com\/bgekvikkonyvtar\/docs\/pet_fi200_albumV\u00c1RAKOZ\u00c1SA kar\u00e1csonyi \u00fcnnepk\u00f6rben a v\u00e1rakoz\u00e1sr\u00f3l osztottuk meg egym\u00e1ssal&nbsp;gondolatainkat, \u00e9rz\u00e9seinket 2022-ben.https:\/\/issuu.com\/bgekvikkonyvtar\/docs\/adventi_f_zet_bge_kvik_2022K\u00d6Z\u00d6SS\u00c9GI SZAK\u00c1CSK\u00d6NYVA BGE&hellip;","_links":{"self":[{"href":"http:\/\/konyvtar-kvik.uni-bge.hu\/en\/wp-json\/wp\/v2\/pages\/1363","targetHints":{"allow":["GET"]}}],"collection":[{"href":"http:\/\/konyvtar-kvik.uni-bge.hu\/en\/wp-json\/wp\/v2\/pages"}],"about":[{"href":"http:\/\/konyvtar-kvik.uni-bge.hu\/en\/wp-json\/wp\/v2\/types\/page"}],"author":[{"embeddable":true,"href":"http:\/\/konyvtar-kvik.uni-bge.hu\/en\/wp-json\/wp\/v2\/users\/1"}],"replies":[{"embeddable":true,"href":"http:\/\/konyvtar-kvik.uni-bge.hu\/en\/wp-json\/wp\/v2\/comments?post=1363"}],"version-history":[{"count":16,"href":"http:\/\/konyvtar-kvik.uni-bge.hu\/en\/wp-json\/wp\/v2\/pages\/1363\/revisions"}],"predecessor-version":[{"id":2090,"href":"http:\/\/konyvtar-kvik.uni-bge.hu\/en\/wp-json\/wp\/v2\/pages\/1363\/revisions\/2090"}],"wp:attachment":[{"href":"http:\/\/konyvtar-kvik.uni-bge.hu\/en\/wp-json\/wp\/v2\/media?parent=1363"}],"curies":[{"name":"wp","href":"https:\/\/api.w.org\/{rel}","templated":true}]}}