{"id":133,"date":"2022-05-12T08:38:28","date_gmt":"2022-05-12T08:38:28","guid":{"rendered":"http:\/\/local.konyvtar\/?page_id=133"},"modified":"2022-10-12T13:40:14","modified_gmt":"2022-10-12T11:40:14","slug":"ebsco","status":"publish","type":"page","link":"http:\/\/konyvtar-kvik.uni-bge.hu\/en\/ebsco\/","title":{"rendered":"Ebsco"},"content":{"rendered":"<p><strong>EBSCO<\/strong><\/p>\n\n\n\n<p>Multidisciplinary database with over 9500 journals available in full text, primarily for higher education and research institutions. The journal collection covers a wide range of disciplines: humanities and social sciences, education, information science, physics, chemistry, medicine, etc.<\/p>\n\n\n\n<p><a rel=\"noreferrer noopener\" href=\"https:\/\/search.ebscohost.com\/Community.aspx?community=y&amp;authtype=ip&amp;ugt=723731163C4635673776354632353E5228E361D36313699368E324E331133603&amp;stsug=AjVipgXH9-Qk5L-9KYeb1ZpxiA-cRM40ElFk6mvHLzLO9cAjyDcknl11Cfi-jnDekzHObLNhL7uxWWvUlz_UDmZ-dJKQ7kF5oQe7E7ol7tgXlvNNzYtEDZPTQwt6Sk8DM9fCgUCqC1YYIDJ4PVDJ-MhBwwF1977TyNeh89-raI9jG9M&amp;IsAdminMobile=N&amp;encid=22D731163C6635273776355632353C07384371C373C379C378C374C371C376C33013&amp;selectServicesToken=AzU4EDPXMHPGZa_DhdwWbRiVRiWyt42tqMiNhPHXEeeDHRZabw10hHoeWgeRMu7WfevpPNZ2gncwaln__1Ga1E4l3qy_Qy6qBpNQOC2p6-h1MkoCbSPAUB4hGc5ntrZdidZ7qZEVueBdut8rSru-tAsB959nHbHjEd5pbw0Waom-MG-whdF4pyzCOGnzAbRlKtNp00cd_DXQEHZncFdFnD2QpTpV5mU8MKYXkMszzMjw5G6si_uTYlPdQ9SK-nPYHHBsueXB2LrDG5hX3h-SgoR6w3GeGhpTA8IswDc\" target=\"_blank\"><mark style=\"background-color:rgba(0, 0, 0, 0)\" class=\"has-inline-color has-vivid-cyan-blue-color\">Enter the database<\/mark><\/a><\/p>","protected":false},"excerpt":{"rendered":"<p>EBSCO Multidiszciplin\u00e1ris adatb\u00e1zis, melyben teljes sz\u00f6veggel \u00e9rhet\u0151 el t\u00f6bb, mint 9500 foly\u00f3irat, els\u0151sorban fels\u0151oktat\u00e1si-kutat\u00e1si int\u00e9zm\u00e9nyek r\u00e9sz\u00e9re. A foly\u00f3iratgy\u0171jtem\u00e9ny a legk\u00fcl\u00f6nf\u00e9l\u00e9bb tudom\u00e1nyter\u00fcleteket fedi le: hum\u00e1n-\u00e9s t\u00e1rsadalomtudom\u00e1nyok, oktat\u00e1s, informatika, fizika, k\u00e9mia, orvostudom\u00e1ny stb. Bel\u00e9p\u00e9s az adatb\u00e1zisba<\/p>","protected":false},"author":1,"featured_media":0,"parent":0,"menu_order":0,"comment_status":"closed","ping_status":"closed","template":"","meta":{"_uag_custom_page_level_css":"","footnotes":""},"class_list":["post-133","page","type-page","status-publish","hentry"],"uagb_featured_image_src":{"full":false,"thumbnail":false,"medium":false,"medium_large":false,"large":false,"news_plugin_small":false,"tf-client-image-size":false,"1536x1536":false,"2048x2048":false,"trp-custom-language-flag":false,"post-thumbnail":false,"idolcorp-full-width":false,"idolcorp-ourfeatures-thumb":false,"idolcorp-mediumblog-thumb":false},"uagb_author_info":{"display_name":"admin","author_link":"http:\/\/konyvtar-kvik.uni-bge.hu\/en\/author\/admin\/"},"uagb_comment_info":0,"uagb_excerpt":"EBSCO Multidiszciplin\u00e1ris adatb\u00e1zis, melyben teljes sz\u00f6veggel \u00e9rhet\u0151 el t\u00f6bb, mint 9500 foly\u00f3irat, els\u0151sorban fels\u0151oktat\u00e1si-kutat\u00e1si int\u00e9zm\u00e9nyek r\u00e9sz\u00e9re. A foly\u00f3iratgy\u0171jtem\u00e9ny a legk\u00fcl\u00f6nf\u00e9l\u00e9bb tudom\u00e1nyter\u00fcleteket fedi le: hum\u00e1n-\u00e9s t\u00e1rsadalomtudom\u00e1nyok, oktat\u00e1s, informatika, fizika, k\u00e9mia, orvostudom\u00e1ny stb. Bel\u00e9p\u00e9s az adatb\u00e1zisba","_links":{"self":[{"href":"http:\/\/konyvtar-kvik.uni-bge.hu\/en\/wp-json\/wp\/v2\/pages\/133","targetHints":{"allow":["GET"]}}],"collection":[{"href":"http:\/\/konyvtar-kvik.uni-bge.hu\/en\/wp-json\/wp\/v2\/pages"}],"about":[{"href":"http:\/\/konyvtar-kvik.uni-bge.hu\/en\/wp-json\/wp\/v2\/types\/page"}],"author":[{"embeddable":true,"href":"http:\/\/konyvtar-kvik.uni-bge.hu\/en\/wp-json\/wp\/v2\/users\/1"}],"replies":[{"embeddable":true,"href":"http:\/\/konyvtar-kvik.uni-bge.hu\/en\/wp-json\/wp\/v2\/comments?post=133"}],"version-history":[{"count":3,"href":"http:\/\/konyvtar-kvik.uni-bge.hu\/en\/wp-json\/wp\/v2\/pages\/133\/revisions"}],"predecessor-version":[{"id":924,"href":"http:\/\/konyvtar-kvik.uni-bge.hu\/en\/wp-json\/wp\/v2\/pages\/133\/revisions\/924"}],"wp:attachment":[{"href":"http:\/\/konyvtar-kvik.uni-bge.hu\/en\/wp-json\/wp\/v2\/media?parent=133"}],"curies":[{"name":"wp","href":"https:\/\/api.w.org\/{rel}","templated":true}]}}