{"id":131,"date":"2022-05-12T08:37:50","date_gmt":"2022-05-12T08:37:50","guid":{"rendered":"http:\/\/local.konyvtar\/?page_id=131"},"modified":"2023-01-24T15:27:34","modified_gmt":"2023-01-24T14:27:34","slug":"akademiai-kiado-szotarai-es-folyoiratai-dictionaries-and-journals-of-akademiai-kiado","status":"publish","type":"page","link":"http:\/\/konyvtar-kvik.uni-bge.hu\/en\/akademiai-kiado-szotarai-es-folyoiratai-dictionaries-and-journals-of-akademiai-kiado\/","title":{"rendered":"Journals of Akad\u00e9miai Kiad\u00f3"},"content":{"rendered":"<p>The publisher manages Hungary's largest portfolio of scientific, technical and medical journals, with more than 60 peer-reviewed journals representing about 2 dozen disciplines. 22 of the 38 national impact factor magazines are published by Akad\u00e9miai Kiad\u00f3.&nbsp;<\/p>\n\n\n\n<p><a rel=\"noreferrer noopener\" href=\"http:\/\/akademiai.com\/\" target=\"_blank\"><mark style=\"background-color:rgba(0, 0, 0, 0)\" class=\"has-inline-color has-vivid-cyan-blue-color\">Enter the database<\/mark><\/a>&nbsp;(access from University computers or VPN remote access)<\/p>","protected":false},"excerpt":{"rendered":"<p>A Kiad\u00f3 gondozza Magyarorsz\u00e1g legnagyobb tudom\u00e1nyos, m\u0171szaki \u00e9s orvosi foly\u00f3irat-portf\u00f3li\u00f3j\u00e1t, t\u00f6bb mint 60 refer\u00e1lt (peer-reviewed) lappal, amelyek j\u00f3 k\u00e9t tucat tudom\u00e1ny\u00e1gat k\u00e9pviselnek. A 38 hazai impaktfaktoros foly\u00f3iratb\u00f3l 22 n\u00e1luk jelenik meg.&nbsp; Bel\u00e9p\u00e9s az adatb\u00e1zisba&nbsp;(el\u00e9r\u00e9s az Egyetem g\u00e9peir\u0151l, vagy VPN t\u00e1voli hozz\u00e1f\u00e9r\u00e9ssel)<\/p>","protected":false},"author":1,"featured_media":0,"parent":0,"menu_order":0,"comment_status":"closed","ping_status":"closed","template":"","meta":{"_uag_custom_page_level_css":"","footnotes":""},"class_list":["post-131","page","type-page","status-publish","hentry"],"uagb_featured_image_src":{"full":false,"thumbnail":false,"medium":false,"medium_large":false,"large":false,"news_plugin_small":false,"tf-client-image-size":false,"1536x1536":false,"2048x2048":false,"trp-custom-language-flag":false,"post-thumbnail":false,"idolcorp-full-width":false,"idolcorp-ourfeatures-thumb":false,"idolcorp-mediumblog-thumb":false},"uagb_author_info":{"display_name":"admin","author_link":"http:\/\/konyvtar-kvik.uni-bge.hu\/en\/author\/admin\/"},"uagb_comment_info":0,"uagb_excerpt":"A Kiad\u00f3 gondozza Magyarorsz\u00e1g legnagyobb tudom\u00e1nyos, m\u0171szaki \u00e9s orvosi foly\u00f3irat-portf\u00f3li\u00f3j\u00e1t, t\u00f6bb mint 60 refer\u00e1lt (peer-reviewed) lappal, amelyek j\u00f3 k\u00e9t tucat tudom\u00e1ny\u00e1gat k\u00e9pviselnek. A 38 hazai impaktfaktoros foly\u00f3iratb\u00f3l 22 n\u00e1luk jelenik meg.&nbsp; Bel\u00e9p\u00e9s az adatb\u00e1zisba&nbsp;(el\u00e9r\u00e9s az Egyetem g\u00e9peir\u0151l, vagy VPN t\u00e1voli hozz\u00e1f\u00e9r\u00e9ssel)","_links":{"self":[{"href":"http:\/\/konyvtar-kvik.uni-bge.hu\/en\/wp-json\/wp\/v2\/pages\/131","targetHints":{"allow":["GET"]}}],"collection":[{"href":"http:\/\/konyvtar-kvik.uni-bge.hu\/en\/wp-json\/wp\/v2\/pages"}],"about":[{"href":"http:\/\/konyvtar-kvik.uni-bge.hu\/en\/wp-json\/wp\/v2\/types\/page"}],"author":[{"embeddable":true,"href":"http:\/\/konyvtar-kvik.uni-bge.hu\/en\/wp-json\/wp\/v2\/users\/1"}],"replies":[{"embeddable":true,"href":"http:\/\/konyvtar-kvik.uni-bge.hu\/en\/wp-json\/wp\/v2\/comments?post=131"}],"version-history":[{"count":4,"href":"http:\/\/konyvtar-kvik.uni-bge.hu\/en\/wp-json\/wp\/v2\/pages\/131\/revisions"}],"predecessor-version":[{"id":1081,"href":"http:\/\/konyvtar-kvik.uni-bge.hu\/en\/wp-json\/wp\/v2\/pages\/131\/revisions\/1081"}],"wp:attachment":[{"href":"http:\/\/konyvtar-kvik.uni-bge.hu\/en\/wp-json\/wp\/v2\/media?parent=131"}],"curies":[{"name":"wp","href":"https:\/\/api.w.org\/{rel}","templated":true}]}}