{"id":1179,"date":"2023-02-15T15:22:59","date_gmt":"2023-02-15T14:22:59","guid":{"rendered":"http:\/\/konyvtar-kvik.uni-bge.hu\/?page_id=1179"},"modified":"2023-02-16T14:07:16","modified_gmt":"2023-02-16T13:07:16","slug":"napi-idezet","status":"publish","type":"page","link":"http:\/\/konyvtar-kvik.uni-bge.hu\/en\/napi-idezet\/","title":{"rendered":"Random S\u00e1ndor"},"content":{"rendered":"<hr class=\"wp-block-separator has-css-opacity is-style-default\"\/>\n\n\n<div class=\"wp-block-image is-style-rounded\">\n<figure class=\"aligncenter size-full is-resized\"><img decoding=\"async\" src=\"http:\/\/konyvtar-kvik.uni-bge.hu\/wp-content\/uploads\/2023\/02\/petofi_sandor.jpg\" alt=\"\" class=\"wp-image-1184\" width=\"150\" height=\"150\" srcset=\"http:\/\/konyvtar-kvik.uni-bge.hu\/wp-content\/uploads\/2023\/02\/petofi_sandor.jpg 100w, http:\/\/konyvtar-kvik.uni-bge.hu\/wp-content\/uploads\/2023\/02\/petofi_sandor-12x12.jpg 12w\" sizes=\"(max-width: 150px) 100vw, 150px\" \/><\/figure>\n<\/div>\n\n\n<p><\/p>\n\n\n\n<hr class=\"wp-block-separator has-css-opacity is-style-default\"\/>\n\n\n\n<figure class=\"wp-block-pullquote\"><blockquote><p><strong><code><div id=\"q75802\" class=\"quotes-llama-widget-random widget-text wp_widget_plugin_box\"><span class=\"quotes-llama-widget-more\">F\u00e9nyesebb a l\u00e1ncn\u00e1l a kard,<br \/>\r\nJobban \u00e9kes\u00edti a kart,<br \/>\r\n\u00c9s mi m\u00e9gis l\u00e1ncot hordunk!<br \/>\r\nIde veled, r\u00e9gi kardunk!<\/span><span class=\"quotes-llama-widget-author\"><span class=\"dashicons dashicons-format-quote\"><\/span>Pet\u0151fi S\u00e1ndor<\/span><\/div><\/code><\/strong><\/p><\/blockquote><\/figure>","protected":false},"excerpt":{"rendered":"","protected":false},"author":1,"featured_media":0,"parent":0,"menu_order":0,"comment_status":"closed","ping_status":"closed","template":"","meta":{"_uag_custom_page_level_css":"","footnotes":""},"class_list":["post-1179","page","type-page","status-publish","hentry"],"uagb_featured_image_src":{"full":false,"thumbnail":false,"medium":false,"medium_large":false,"large":false,"news_plugin_small":false,"tf-client-image-size":false,"1536x1536":false,"2048x2048":false,"trp-custom-language-flag":false,"post-thumbnail":false,"idolcorp-full-width":false,"idolcorp-ourfeatures-thumb":false,"idolcorp-mediumblog-thumb":false},"uagb_author_info":{"display_name":"admin","author_link":"http:\/\/konyvtar-kvik.uni-bge.hu\/en\/author\/admin\/"},"uagb_comment_info":0,"uagb_excerpt":null,"_links":{"self":[{"href":"http:\/\/konyvtar-kvik.uni-bge.hu\/en\/wp-json\/wp\/v2\/pages\/1179","targetHints":{"allow":["GET"]}}],"collection":[{"href":"http:\/\/konyvtar-kvik.uni-bge.hu\/en\/wp-json\/wp\/v2\/pages"}],"about":[{"href":"http:\/\/konyvtar-kvik.uni-bge.hu\/en\/wp-json\/wp\/v2\/types\/page"}],"author":[{"embeddable":true,"href":"http:\/\/konyvtar-kvik.uni-bge.hu\/en\/wp-json\/wp\/v2\/users\/1"}],"replies":[{"embeddable":true,"href":"http:\/\/konyvtar-kvik.uni-bge.hu\/en\/wp-json\/wp\/v2\/comments?post=1179"}],"version-history":[{"count":6,"href":"http:\/\/konyvtar-kvik.uni-bge.hu\/en\/wp-json\/wp\/v2\/pages\/1179\/revisions"}],"predecessor-version":[{"id":1188,"href":"http:\/\/konyvtar-kvik.uni-bge.hu\/en\/wp-json\/wp\/v2\/pages\/1179\/revisions\/1188"}],"wp:attachment":[{"href":"http:\/\/konyvtar-kvik.uni-bge.hu\/en\/wp-json\/wp\/v2\/media?parent=1179"}],"curies":[{"name":"wp","href":"https:\/\/api.w.org\/{rel}","templated":true}]}}