{"id":1099,"date":"2023-01-26T15:52:39","date_gmt":"2023-01-26T14:52:39","guid":{"rendered":"http:\/\/konyvtar-kvik.uni-bge.hu\/?page_id=1099"},"modified":"2023-04-21T14:51:23","modified_gmt":"2023-04-21T12:51:23","slug":"korhu","status":"publish","type":"page","link":"http:\/\/konyvtar-kvik.uni-bge.hu\/en\/korhu\/","title":{"rendered":"Korh\u0171"},"content":{"rendered":"<p class=\"has-medium-font-size\">Gasztron\u00f3mia<\/p>\n\n\n\n<p class=\"has-medium-font-size\"><a href=\"https:\/\/wmn.hu\/kult\/59330-a-kukoricagolodinytol-a-gombocig--petofi-sandor-kedvenc-etelei-recepttel\"><mark style=\"background-color:rgba(0, 0, 0, 0)\" class=\"has-inline-color has-vivid-cyan-blue-color\">Pet\u0151fi S\u00e1ndor kedvenc \u00e9telei recepttel<\/mark><\/a><\/p>\n\n\n\n<p class=\"has-medium-font-size\"><a href=\"https:\/\/nlc.hu\/gasztro\/20160315\/petofi-marcius-15\/\"><mark style=\"background-color:rgba(0, 0, 0, 0)\" class=\"has-inline-color has-vivid-cyan-blue-color\">\u00c9ticsiga, ahogy Pet\u0151fi szerette<\/mark><\/a><\/p>\n\n\n\n<p class=\"has-medium-font-size\"><a href=\"https:\/\/torimaskepp.blog.hu\/2017\/05\/23\/ezt_ette_szechenyi_es_petofi_taplalkozas_a_reformkorban\"><mark style=\"background-color:rgba(0, 0, 0, 0)\" class=\"has-inline-color has-vivid-cyan-blue-color\">Reformkori \u00e9tkez\u00e9s<\/mark><\/a><\/p>\n\n\n\n<p class=\"has-medium-font-size\"><a href=\"https:\/\/ma7.sk\/kavezo\/petofi-faluvegi-kocsmajaban-jartunk\"><mark style=\"background-color:rgba(0, 0, 0, 0)\" class=\"has-inline-color has-vivid-cyan-blue-color\">&#8230;az a bizonyos Kurta kocsma<\/mark><\/a><\/p>\n\n\n\n<p class=\"has-medium-font-size\"><a href=\"https:\/\/folyekonykenyer.blog.hu\/2012\/03\/15\/milyen_sort_ivott_petofi\"><mark style=\"background-color:rgba(0, 0, 0, 0)\" class=\"has-inline-color has-vivid-cyan-blue-color\">Pet\u0151fi \u00e9s a s\u00f6r<\/mark><\/a><\/p>\n\n\n\n<p class=\"has-medium-font-size\"><a href=\"https:\/\/sokszinuvidek.24.hu\/mozaik\/2022\/12\/03\/petofi-200-petofi-likor-pilvax-szelet-bacs-kiskun-megye\/\"><mark style=\"background-color:rgba(0, 0, 0, 0)\" class=\"has-inline-color has-vivid-cyan-blue-color\">Pet\u0151fi-lik\u0151r \u00e9s Pilvax-szelet<\/mark><\/a><\/p>\n\n\n\n<p class=\"has-medium-font-size\">\u00dcnnepek<\/p>\n\n\n\n<p class=\"has-medium-font-size\"><a href=\"https:\/\/szendreyjuliakutatas.blog.hu\/2021\/04\/05\/a_reformkori_husvet_hagyomanyos_helyszine_a_gellerthegy\"><mark style=\"background-color:rgba(0, 0, 0, 0)\" class=\"has-inline-color has-vivid-cyan-blue-color\">Reformkori H\u00fasv\u00e9t<\/mark><\/a><br><br><a href=\"https:\/\/petofi.hu\/hirek\/hirek-hirek\/947-milyen-volt-a-reformkori-karacsony.html\"><mark style=\"background-color:rgba(0, 0, 0, 0)\" class=\"has-inline-color has-vivid-cyan-blue-color\">Reformkori Kar\u00e1csony<\/mark><\/a><br><br>Divat<br><br><a href=\"https:\/\/epa.oszk.hu\/00400\/00414\/00007\/pdf\/03lukacsaniko.pdf\"><mark style=\"background-color:rgba(0, 0, 0, 0)\" class=\"has-inline-color has-vivid-cyan-blue-color\">Nemzeti divat a reformkori Pesten<\/mark><\/a><br><br><a href=\"https:\/\/torimaskepp.blog.hu\/2017\/04\/24\/nonek_lenni_a_reformkorban\"><mark style=\"background-color:rgba(0, 0, 0, 0)\" class=\"has-inline-color has-vivid-cyan-blue-color\">N\u0151k \u00e9s a reformkor<\/mark><\/a><br><br><a href=\"https:\/\/www.sutori.com\/en\/story\/mi-volt-a-noi-divat-a-reformkorban--bfE4Ui4TrDxVTPC3n7ZAthxC\"><mark style=\"background-color:rgba(0, 0, 0, 0)\" class=\"has-inline-color has-vivid-cyan-blue-color\">N\u0151i divat<\/mark><\/a><br><br><a href=\"https:\/\/infostart.hu\/belfold\/2012\/03\/15\/ilyen-volt-a-reformkori-divat-487204\"><mark style=\"background-color:rgba(0, 0, 0, 0)\" class=\"has-inline-color has-vivid-cyan-blue-color\">F\u00e9rfi divat<\/mark><\/a><\/p>\n\n\n\n<p class=\"has-medium-font-size\">\u00c9letm\u00f3d<\/p>\n\n\n\n<p class=\"has-medium-font-size\"><a href=\"https:\/\/szendreyjuliakutatas.blog.hu\/tags\/%C3%A9letm%C3%B3d\" target=\"_blank\" rel=\"noreferrer noopener\">\u00c9letm\u00f3d a reformkorban<\/a><\/p>","protected":false},"excerpt":{"rendered":"<p>Gasztron\u00f3mia Pet\u0151fi S\u00e1ndor kedvenc \u00e9telei recepttel \u00c9ticsiga, ahogy Pet\u0151fi szerette Reformkori \u00e9tkez\u00e9s &#8230;az a bizonyos Kurta kocsma Pet\u0151fi \u00e9s a s\u00f6r Pet\u0151fi-lik\u0151r \u00e9s Pilvax-szelet \u00dcnnepek Reformkori H\u00fasv\u00e9tReformkori Kar\u00e1csonyDivatNemzeti divat a reformkori PestenN\u0151k \u00e9s a reformkorN\u0151i divatF\u00e9rfi divat \u00c9letm\u00f3d \u00c9letm\u00f3d a reformkorban<\/p>","protected":false},"author":1,"featured_media":0,"parent":0,"menu_order":0,"comment_status":"closed","ping_status":"closed","template":"","meta":{"_uag_custom_page_level_css":"","footnotes":""},"class_list":["post-1099","page","type-page","status-publish","hentry"],"uagb_featured_image_src":{"full":false,"thumbnail":false,"medium":false,"medium_large":false,"large":false,"news_plugin_small":false,"tf-client-image-size":false,"1536x1536":false,"2048x2048":false,"trp-custom-language-flag":false,"post-thumbnail":false,"idolcorp-full-width":false,"idolcorp-ourfeatures-thumb":false,"idolcorp-mediumblog-thumb":false},"uagb_author_info":{"display_name":"admin","author_link":"http:\/\/konyvtar-kvik.uni-bge.hu\/en\/author\/admin\/"},"uagb_comment_info":0,"uagb_excerpt":"Gasztron\u00f3mia Pet\u0151fi S\u00e1ndor kedvenc \u00e9telei recepttel \u00c9ticsiga, ahogy Pet\u0151fi szerette Reformkori \u00e9tkez\u00e9s &#8230;az a bizonyos Kurta kocsma Pet\u0151fi \u00e9s a s\u00f6r Pet\u0151fi-lik\u0151r \u00e9s Pilvax-szelet \u00dcnnepek Reformkori H\u00fasv\u00e9tReformkori Kar\u00e1csonyDivatNemzeti divat a reformkori PestenN\u0151k \u00e9s a reformkorN\u0151i divatF\u00e9rfi divat \u00c9letm\u00f3d \u00c9letm\u00f3d a reformkorban","_links":{"self":[{"href":"http:\/\/konyvtar-kvik.uni-bge.hu\/en\/wp-json\/wp\/v2\/pages\/1099","targetHints":{"allow":["GET"]}}],"collection":[{"href":"http:\/\/konyvtar-kvik.uni-bge.hu\/en\/wp-json\/wp\/v2\/pages"}],"about":[{"href":"http:\/\/konyvtar-kvik.uni-bge.hu\/en\/wp-json\/wp\/v2\/types\/page"}],"author":[{"embeddable":true,"href":"http:\/\/konyvtar-kvik.uni-bge.hu\/en\/wp-json\/wp\/v2\/users\/1"}],"replies":[{"embeddable":true,"href":"http:\/\/konyvtar-kvik.uni-bge.hu\/en\/wp-json\/wp\/v2\/comments?post=1099"}],"version-history":[{"count":11,"href":"http:\/\/konyvtar-kvik.uni-bge.hu\/en\/wp-json\/wp\/v2\/pages\/1099\/revisions"}],"predecessor-version":[{"id":1305,"href":"http:\/\/konyvtar-kvik.uni-bge.hu\/en\/wp-json\/wp\/v2\/pages\/1099\/revisions\/1305"}],"wp:attachment":[{"href":"http:\/\/konyvtar-kvik.uni-bge.hu\/en\/wp-json\/wp\/v2\/media?parent=1099"}],"curies":[{"name":"wp","href":"https:\/\/api.w.org\/{rel}","templated":true}]}}