{"id":1094,"date":"2023-01-26T15:45:05","date_gmt":"2023-01-26T14:45:05","guid":{"rendered":"http:\/\/konyvtar-kvik.uni-bge.hu\/?page_id=1094"},"modified":"2023-06-22T14:03:15","modified_gmt":"2023-06-22T12:03:15","slug":"programajanlo","status":"publish","type":"page","link":"http:\/\/konyvtar-kvik.uni-bge.hu\/en\/programajanlo\/","title":{"rendered":"Programaj\u00e1nl\u00f3"},"content":{"rendered":"<p><a href=\"https:\/\/artkalauz.hu\/petofi-200-kiallitasok-a-petofi-emlekev-alkalmabol\/\"><mark style=\"background-color:rgba(0, 0, 0, 0)\" class=\"has-inline-color has-vivid-cyan-blue-color\">Artkalauz<\/mark><\/a><\/p>\n\n\n\n<p><a href=\"https:\/\/www.petofi200.hu\/programajanlo\"><mark style=\"background-color:rgba(0, 0, 0, 0)\" class=\"has-inline-color has-vivid-cyan-blue-color\">Pet\u0151fi200<\/mark><\/a><\/p>\n\n\n\n<p><a href=\"https:\/\/pim.hu\/hu\/petofi200-muzeumbusz\/menetrend\"><mark style=\"background-color:rgba(0, 0, 0, 0)\" class=\"has-inline-color has-vivid-cyan-blue-color\">Pet\u0151fi Irodalmi M\u00fazeum &#8211; m\u00fazeumbusz<\/mark><\/a><\/p>\n\n\n\n<p><a href=\"https:\/\/petofi.hu\/esemenyek\"><mark style=\"background-color:rgba(0, 0, 0, 0)\" class=\"has-inline-color has-vivid-cyan-blue-color\">Pet\u0151fi.hu<\/mark><\/a><\/p>\n\n\n\n<p><a href=\"https:\/\/200petofiszabadon.pim.hu\/\"><mark style=\"background-color:rgba(0, 0, 0, 0)\" class=\"has-inline-color has-vivid-cyan-blue-color\">Pet\u0151fi szabadon<\/mark><\/a><\/p>\n\n\n\n<p><a href=\"https:\/\/hiros.hu\/petofi-es-kecskemet-nezze-meg-az-uj-petofi-sorozat-5-reszet\/\"><mark style=\"background-color:rgba(0, 0, 0, 0)\" class=\"has-inline-color has-vivid-cyan-blue-color\">Pet\u0151fi \u00e9s Kecskem\u00e9t &#8211; 5 r\u00e9szes kisfilm<\/mark><\/a><br><br><a href=\"https:\/\/pim.hu\/hu\/petofi200-muzeumbusz\"><mark style=\"background-color:rgba(0, 0, 0, 0)\" class=\"has-inline-color has-vivid-cyan-blue-color\">Pet\u0151fi mozg\u00f3 m\u00fazeum<\/mark><\/a><br><br><a href=\"https:\/\/petofi200.hu\/component\/content\/article\/84-hirek\/348-csak-azt-nem-ertem-hova-siet-petofi-ilyen-lett-a-varmegye-uj-uegyessegi-jateka-video?Itemid=437\"><mark style=\"background-color:rgba(0, 0, 0, 0)\" class=\"has-inline-color has-vivid-cyan-blue-color\">&#8222;Csak azt nem \u00e9rtem, hova siet Pet\u0151fi&#8221; &#8211; \u00faj online \u00fcgyess\u00e9gi j\u00e1t\u00e9k<\/mark><\/a><\/p>\n\n\n\n<p><a rel=\"noreferrer noopener\" href=\"https:\/\/www.facebook.com\/PIM.Irodalmi.Muzeum\" target=\"_blank\"><mark style=\"background-color:rgba(0, 0, 0, 0)\" class=\"has-inline-color has-vivid-cyan-blue-color\">PIM programjai<\/mark><\/a><\/p>\n\n\n\n<p><a rel=\"noreferrer noopener\" href=\"https:\/\/www.youtube.com\/watch?v=fwgM_U9tv2o&amp;list=PLX2he62v51uZtUapivWvygbULWmi3stWY&amp;index=4\" target=\"_blank\"><mark style=\"background-color:rgba(0, 0, 0, 0)\" class=\"has-inline-color has-vivid-cyan-blue-color\">Kisk\u0151r\u00f6si programtervek<\/mark><\/a><\/p>\n\n\n\n<p><a href=\"https:\/\/www.petofi200.hu\/component\/content\/article\/87-latnivalok\/83-petofi-emlekhaz-kiskunfelegyhaza?Itemid=437\"><mark style=\"background-color:rgba(0, 0, 0, 0)\" class=\"has-inline-color has-vivid-cyan-blue-color\">Pet\u0151fi Eml\u00e9kh\u00e1z &#8211; Kiskunf\u00e9legyh\u00e1za<\/mark><\/a><\/p>","protected":false},"excerpt":{"rendered":"<p>Artkalauz Pet\u0151fi200 Pet\u0151fi Irodalmi M\u00fazeum &#8211; m\u00fazeumbusz Pet\u0151fi.hu Pet\u0151fi szabadon Pet\u0151fi \u00e9s Kecskem\u00e9t &#8211; 5 r\u00e9szes kisfilmPet\u0151fi mozg\u00f3 m\u00fazeum&#8222;Csak azt nem \u00e9rtem, hova siet Pet\u0151fi&#8221; &#8211; \u00faj online \u00fcgyess\u00e9gi j\u00e1t\u00e9k PIM programjai Kisk\u0151r\u00f6si programtervek Pet\u0151fi Eml\u00e9kh\u00e1z &#8211; Kiskunf\u00e9legyh\u00e1za<\/p>","protected":false},"author":1,"featured_media":0,"parent":0,"menu_order":0,"comment_status":"closed","ping_status":"closed","template":"","meta":{"_uag_custom_page_level_css":"","footnotes":""},"class_list":["post-1094","page","type-page","status-publish","hentry"],"uagb_featured_image_src":{"full":false,"thumbnail":false,"medium":false,"medium_large":false,"large":false,"news_plugin_small":false,"tf-client-image-size":false,"1536x1536":false,"2048x2048":false,"trp-custom-language-flag":false,"post-thumbnail":false,"idolcorp-full-width":false,"idolcorp-ourfeatures-thumb":false,"idolcorp-mediumblog-thumb":false},"uagb_author_info":{"display_name":"admin","author_link":"http:\/\/konyvtar-kvik.uni-bge.hu\/en\/author\/admin\/"},"uagb_comment_info":0,"uagb_excerpt":"Artkalauz Pet\u0151fi200 Pet\u0151fi Irodalmi M\u00fazeum &#8211; m\u00fazeumbusz Pet\u0151fi.hu Pet\u0151fi szabadon Pet\u0151fi \u00e9s Kecskem\u00e9t &#8211; 5 r\u00e9szes kisfilmPet\u0151fi mozg\u00f3 m\u00fazeum&#8222;Csak azt nem \u00e9rtem, hova siet Pet\u0151fi&#8221; &#8211; \u00faj online \u00fcgyess\u00e9gi j\u00e1t\u00e9k PIM programjai Kisk\u0151r\u00f6si programtervek Pet\u0151fi Eml\u00e9kh\u00e1z &#8211; Kiskunf\u00e9legyh\u00e1za","_links":{"self":[{"href":"http:\/\/konyvtar-kvik.uni-bge.hu\/en\/wp-json\/wp\/v2\/pages\/1094","targetHints":{"allow":["GET"]}}],"collection":[{"href":"http:\/\/konyvtar-kvik.uni-bge.hu\/en\/wp-json\/wp\/v2\/pages"}],"about":[{"href":"http:\/\/konyvtar-kvik.uni-bge.hu\/en\/wp-json\/wp\/v2\/types\/page"}],"author":[{"embeddable":true,"href":"http:\/\/konyvtar-kvik.uni-bge.hu\/en\/wp-json\/wp\/v2\/users\/1"}],"replies":[{"embeddable":true,"href":"http:\/\/konyvtar-kvik.uni-bge.hu\/en\/wp-json\/wp\/v2\/comments?post=1094"}],"version-history":[{"count":12,"href":"http:\/\/konyvtar-kvik.uni-bge.hu\/en\/wp-json\/wp\/v2\/pages\/1094\/revisions"}],"predecessor-version":[{"id":1356,"href":"http:\/\/konyvtar-kvik.uni-bge.hu\/en\/wp-json\/wp\/v2\/pages\/1094\/revisions\/1356"}],"wp:attachment":[{"href":"http:\/\/konyvtar-kvik.uni-bge.hu\/en\/wp-json\/wp\/v2\/media?parent=1094"}],"curies":[{"name":"wp","href":"https:\/\/api.w.org\/{rel}","templated":true}]}}